{"id":4626,"date":"2021-11-25T08:12:41","date_gmt":"2021-11-25T08:12:41","guid":{"rendered":"https:\/\/perrosalfak9.com\/?post_type=product&#038;p=4626"},"modified":"2023-11-14T17:21:27","modified_gmt":"2023-11-14T17:21:27","slug":"rottweiler","status":"publish","type":"product","link":"https:\/\/perrosalfak9.com\/?product=rottweiler","title":{"rendered":"Rottweiler"},"content":{"rendered":"<p><strong>A primera vista, un rottweiler tiene una fuerza compacta, algo bastante cierto.<\/strong><\/p>\n<p>Los rottweilers, ligeramente m\u00e1s largos que altos, son perros grandes, con una altura que oscila entre los 55 cm en las hembras peque\u00f1as y los 70 cm en los machos grandes. El peso oscila entre los 36 y los 54 kg.<\/p>\n<p>Son perros con forma compacta y enormes cabezas. Las orejas est\u00e1n bastante pegadas a la cabeza y cuelgan un poco hacia abajo. El hocico es cuadrado y fuerte. Estos animales pueden ser algo babosos debido a que sus belfos (labios) est\u00e1n ca\u00eddos. Los rottweilers siempre deben ser negros con puntos pardos, y el pelo ideal es bastante corto, denso y algo duro. Aunque a veces nace un cachorro \u00abtupido\u00bb en una camada, ese pelaje est\u00e1 descalificado en el \u00e1mbito de la crianza. Las colas se amputan muy cortas, idealmente con una extensi\u00f3n de una a dos v\u00e9rtebras.<\/p>\n<p>Como suele ocurrir en las razas m\u00e1s grandes, los rottweilers pueden madurar despacio. Muchos no alcanzan el tama\u00f1o adulto total hasta los dos o tres a\u00f1os de vida, aunque la altura adulta se suele establecer con un a\u00f1o. Con la edad, estos perros engordar\u00e1n ensanchando el pecho y convirti\u00e9ndose en los enormes perros que esperamos.<\/p>\n<h3>Convivencia<\/h3>\n<p>Los rottweilers son bastante f\u00e1ciles de mantener para lo grandes que son y, de hecho, tienden a la obesidad si no realizan suficiente ejercicio. El cuidado del pelo es m\u00ednimo: un r\u00e1pido aseo semanal casi siempre ser\u00e1 suficiente. Algunos rottweilers babean mucho, especialmente los machos que tienen los belfos (labios) ca\u00eddos.<\/p>\n<p>Una de las cosas m\u00e1s importantes que hay que recordar sobre los rottweilers es que necesitan una socializaci\u00f3n amplia y continua para ser buenos compa\u00f1eros de familia. El adiestramiento es imprescindible y debe empezar desde bien peque\u00f1os. Aunque su valent\u00eda es incuestionable, podr\u00eda manejarse incorrectamente. Esta raza no es la adecuada para un propietario primerizo. A los rottweilers les encanta trabajar y competir\u00e1n alegremente en pr\u00e1cticamente todos los deportes caninos, desde obediencia hasta pastoreo y arrastre de peso.<\/p>\n<p>Lo ideal es que un rottweiler est\u00e9 expuesto a otras mascotas, perros incluidos, desde el principio, y tambi\u00e9n a ni\u00f1os. Suelen ser muy protectores con sus ni\u00f1os y deben estar bajo supervisi\u00f3n cuando est\u00e9n con un grupo de ni\u00f1os. Para esta raza sin duda hay que acudir a un criador reputado, porque su popularidad ha provocado algunos problemas de temperamento y salud. Suelen vivir 12 a\u00f1os.<\/p>\n<h3>Historia<\/h3>\n<p>Los rottweilers son una de las razas m\u00e1s antiguas. Acompa\u00f1aron a los romanos en su periplo por Alemania conduciendo el ganado y protegiendo los puestos fronterizos. Muchos se quedaron atr\u00e1s, y en la ciudad de Rottweil, en el sur de Alemania, se convirtieron en la raza que conocemos en la actualidad. Se considera que pertenecen a la familia de los mastines. Posteriormente, contribuyeron decisivamente en el desarrollo de los D\u00f3berman.<\/p>\n<p>Desde el principio, los rottweilers eran perros de trabajo: conduc\u00edan el ganado al mercado, arrastraban carros, proteg\u00edan los hogares e incluso llevaban dinero hasta el mercado en cinturones que llevaban sujetos alrededor del cuello. En la actualidad trabajan en seguridad y pastoreo.<\/p>\n<p>El rottweiler casi desapareci\u00f3 como raza poco antes del inicio del siglo XX, cuando perros m\u00e1s peque\u00f1os, m\u00e1s f\u00e1ciles de mantener, asumieron muchas de sus funciones. Afortunadamente, unos criadores entregados recuperaron la raza, y es una de las razas m\u00e1s populares en los Estados Unidos en la actualidad. Existe una serie de libros infantiles, con hermosas ilustraciones, sobre un Rottweiler llamado Carl y sus aventuras con el beb\u00e9 de su familia.<\/p>\n<p><strong>Informaci\u00f3n obtenida de<\/strong>:\u00a0 <a href=\"https:\/\/www.hillspet.es\/dog-care\/dog-breeds\/rottweiler\">https:\/\/www.hillspet.es\/dog-care\/dog-breeds\/rottweiler<\/a><\/p>\n","protected":false},"excerpt":{"rendered":"<p>Los rottweilers se han seleccionado como perros guardianes y para trabajos de protecci\u00f3n, algo que debe tenerse en cuenta en todo momento. Pese a que los rottweilers bien socializados se llevan bien con las personas y otros perros, los machos en particular pueden ser algo agresivos y dominantes. Son perros activos e inteligentes, tan seguros de s\u00ed mismos como para actuar por su cuenta, por lo que necesitan que se les oriente desde el primer momento.<\/p>\n<p>Si se les deja a su aire, pueden convertirse en ladradores molestos o excavadores, y dado su tama\u00f1o son capaces de llevar a cabo grandes destrozos. Criados para trabajar, lo mejor para los rottweilers es el adiestramiento y las tareas, aunque sea simplemente el acompa\u00f1amiento de un ni\u00f1o. Las agresiones pueden ser un problema, y este perro es totalmente capaz de hacer mucho da\u00f1o, por lo que los Rottweilers necesitan firmeza y un propietario paciente y experto.<\/p>\n","protected":false},"featured_media":4630,"comment_status":"open","ping_status":"closed","template":"","meta":{"site-sidebar-layout":"default","site-content-layout":"default","ast-site-content-layout":"","site-content-style":"default","site-sidebar-style":"default","ast-global-header-display":"","ast-banner-title-visibility":"","ast-main-header-display":"","ast-hfb-above-header-display":"","ast-hfb-below-header-display":"","ast-hfb-mobile-header-display":"","site-post-title":"","ast-breadcrumbs-content":"","ast-featured-img":"","footer-sml-layout":"","theme-transparent-header-meta":"default","adv-header-id-meta":"","stick-header-meta":"","header-above-stick-meta":"","header-main-stick-meta":"","header-below-stick-meta":"","astra-migrate-meta-layouts":"default","ast-page-background-enabled":"default","ast-page-background-meta":{"desktop":{"background-color":"","background-image":"","background-repeat":"repeat","background-position":"center center","background-size":"auto","background-attachment":"scroll","background-type":"","background-media":"","overlay-type":"","overlay-color":"","overlay-opacity":"","overlay-gradient":""},"tablet":{"background-color":"","background-image":"","background-repeat":"repeat","background-position":"center center","background-size":"auto","background-attachment":"scroll","background-type":"","background-media":"","overlay-type":"","overlay-color":"","overlay-opacity":"","overlay-gradient":""},"mobile":{"background-color":"","background-image":"","background-repeat":"repeat","background-position":"center center","background-size":"auto","background-attachment":"scroll","background-type":"","background-media":"","overlay-type":"","overlay-color":"","overlay-opacity":"","overlay-gradient":""}},"ast-content-background-meta":{"desktop":{"background-color":"var(--ast-global-color-5)","background-image":"","background-repeat":"repeat","background-position":"center center","background-size":"auto","background-attachment":"scroll","background-type":"","background-media":"","overlay-type":"","overlay-color":"","overlay-opacity":"","overlay-gradient":""},"tablet":{"background-color":"var(--ast-global-color-5)","background-image":"","background-repeat":"repeat","background-position":"center center","background-size":"auto","background-attachment":"scroll","background-type":"","background-media":"","overlay-type":"","overlay-color":"","overlay-opacity":"","overlay-gradient":""},"mobile":{"background-color":"var(--ast-global-color-5)","background-image":"","background-repeat":"repeat","background-position":"center center","background-size":"auto","background-attachment":"scroll","background-type":"","background-media":"","overlay-type":"","overlay-color":"","overlay-opacity":"","overlay-gradient":""}}},"product_brand":[],"product_cat":[33,34],"product_tag":[],"class_list":{"0":"post-4626","1":"product","2":"type-product","3":"status-publish","4":"has-post-thumbnail","6":"product_cat-hembras","7":"product_cat-machos","8":"desktop-align-center","9":"tablet-align-center","10":"mobile-align-center","12":"first","13":"instock","14":"shipping-taxable","15":"purchasable","16":"product-type-simple"},"yoast_head":"<!-- This site is optimized with the Yoast SEO plugin v25.7 - https:\/\/yoast.com\/wordpress\/plugins\/seo\/ -->\n<title>Rottweiler &#8211; Todo sobre perros en ALFA K9<\/title>\n<meta name=\"robots\" content=\"index, follow, max-snippet:-1, max-image-preview:large, max-video-preview:-1\" \/>\n<link rel=\"canonical\" href=\"https:\/\/perrosalfak9.com\/?product=rottweiler\" \/>\n<meta property=\"og:locale\" content=\"es_ES\" \/>\n<meta property=\"og:type\" content=\"article\" \/>\n<meta property=\"og:title\" content=\"Rottweiler &#8211; Todo sobre perros en ALFA K9\" \/>\n<meta property=\"og:description\" content=\"Los rottweilers se han seleccionado como perros guardianes y para trabajos de protecci\u00f3n, algo que debe tenerse en cuenta en todo momento. Pese a que los rottweilers bien socializados se llevan bien con las personas y otros perros, los machos en particular pueden ser algo agresivos y dominantes. Son perros activos e inteligentes, tan seguros de s\u00ed mismos como para actuar por su cuenta, por lo que necesitan que se les oriente desde el primer momento.  Si se les deja a su aire, pueden convertirse en ladradores molestos o excavadores, y dado su tama\u00f1o son capaces de llevar a cabo grandes destrozos. Criados para trabajar, lo mejor para los rottweilers es el adiestramiento y las tareas, aunque sea simplemente el acompa\u00f1amiento de un ni\u00f1o. Las agresiones pueden ser un problema, y este perro es totalmente capaz de hacer mucho da\u00f1o, por lo que los Rottweilers necesitan firmeza y un propietario paciente y experto.\" \/>\n<meta property=\"og:url\" content=\"https:\/\/perrosalfak9.com\/?product=rottweiler\" \/>\n<meta property=\"og:site_name\" content=\"Todo sobre perros en ALFA K9\" \/>\n<meta property=\"article:publisher\" content=\"https:\/\/www.facebook.com\/erick.quiroschaves\" \/>\n<meta property=\"article:modified_time\" content=\"2023-11-14T17:21:27+00:00\" \/>\n<meta property=\"og:image\" content=\"https:\/\/perrosalfak9.com\/wp-content\/uploads\/2021\/11\/rott1.jpg\" \/>\n\t<meta property=\"og:image:width\" content=\"650\" \/>\n\t<meta property=\"og:image:height\" content=\"338\" \/>\n\t<meta property=\"og:image:type\" content=\"image\/jpeg\" \/>\n<meta name=\"twitter:card\" content=\"summary_large_image\" \/>\n<meta name=\"twitter:label1\" content=\"Tiempo de lectura\" \/>\n\t<meta name=\"twitter:data1\" content=\"3 minutos\" \/>\n<script type=\"application\/ld+json\" class=\"yoast-schema-graph\">{\"@context\":\"https:\/\/schema.org\",\"@graph\":[{\"@type\":\"WebPage\",\"@id\":\"https:\/\/perrosalfak9.com\/?product=rottweiler\",\"url\":\"https:\/\/perrosalfak9.com\/?product=rottweiler\",\"name\":\"Rottweiler &#8211; Todo sobre perros en ALFA K9\",\"isPartOf\":{\"@id\":\"https:\/\/perrosalfak9.com\/#website\"},\"primaryImageOfPage\":{\"@id\":\"https:\/\/perrosalfak9.com\/?product=rottweiler#primaryimage\"},\"image\":{\"@id\":\"https:\/\/perrosalfak9.com\/?product=rottweiler#primaryimage\"},\"thumbnailUrl\":\"https:\/\/perrosalfak9.com\/wp-content\/uploads\/2021\/11\/rott1.jpg\",\"datePublished\":\"2021-11-25T08:12:41+00:00\",\"dateModified\":\"2023-11-14T17:21:27+00:00\",\"breadcrumb\":{\"@id\":\"https:\/\/perrosalfak9.com\/?product=rottweiler#breadcrumb\"},\"inLanguage\":\"es\",\"potentialAction\":[{\"@type\":\"ReadAction\",\"target\":[\"https:\/\/perrosalfak9.com\/?product=rottweiler\"]}]},{\"@type\":\"ImageObject\",\"inLanguage\":\"es\",\"@id\":\"https:\/\/perrosalfak9.com\/?product=rottweiler#primaryimage\",\"url\":\"https:\/\/perrosalfak9.com\/wp-content\/uploads\/2021\/11\/rott1.jpg\",\"contentUrl\":\"https:\/\/perrosalfak9.com\/wp-content\/uploads\/2021\/11\/rott1.jpg\",\"width\":650,\"height\":338},{\"@type\":\"BreadcrumbList\",\"@id\":\"https:\/\/perrosalfak9.com\/?product=rottweiler#breadcrumb\",\"itemListElement\":[{\"@type\":\"ListItem\",\"position\":1,\"name\":\"Portada\",\"item\":\"https:\/\/perrosalfak9.com\/\"},{\"@type\":\"ListItem\",\"position\":2,\"name\":\"Cachorros Disponibles\",\"item\":\"https:\/\/perrosalfak9.com\/?page_id=401\"},{\"@type\":\"ListItem\",\"position\":3,\"name\":\"Rottweiler\"}]},{\"@type\":\"WebSite\",\"@id\":\"https:\/\/perrosalfak9.com\/#website\",\"url\":\"https:\/\/perrosalfak9.com\/\",\"name\":\"Todo sobre perros en ALFA K9\",\"description\":\"\",\"publisher\":{\"@id\":\"https:\/\/perrosalfak9.com\/#organization\"},\"potentialAction\":[{\"@type\":\"SearchAction\",\"target\":{\"@type\":\"EntryPoint\",\"urlTemplate\":\"https:\/\/perrosalfak9.com\/?s={search_term_string}\"},\"query-input\":{\"@type\":\"PropertyValueSpecification\",\"valueRequired\":true,\"valueName\":\"search_term_string\"}}],\"inLanguage\":\"es\"},{\"@type\":\"Organization\",\"@id\":\"https:\/\/perrosalfak9.com\/#organization\",\"name\":\"Todo sobre perros en Alfa K9\",\"url\":\"https:\/\/perrosalfak9.com\/\",\"logo\":{\"@type\":\"ImageObject\",\"inLanguage\":\"es\",\"@id\":\"https:\/\/perrosalfak9.com\/#\/schema\/logo\/image\/\",\"url\":\"https:\/\/perrosalfak9.com\/wp-content\/uploads\/2021\/11\/cropped-cropped-Logo-Alfa-K-9.jpeg\",\"contentUrl\":\"https:\/\/perrosalfak9.com\/wp-content\/uploads\/2021\/11\/cropped-cropped-Logo-Alfa-K-9.jpeg\",\"width\":512,\"height\":512,\"caption\":\"Todo sobre perros en Alfa K9\"},\"image\":{\"@id\":\"https:\/\/perrosalfak9.com\/#\/schema\/logo\/image\/\"},\"sameAs\":[\"https:\/\/www.facebook.com\/erick.quiroschaves\",\"https:\/\/www.instagram.com\/todosobreperrosenalfa\/\",\"https:\/\/www.youtube.com\/user\/alfak9sa\/featured\"]}]}<\/script>\n<!-- \/ Yoast SEO plugin. -->","yoast_head_json":{"title":"Rottweiler &#8211; Todo sobre perros en ALFA K9","robots":{"index":"index","follow":"follow","max-snippet":"max-snippet:-1","max-image-preview":"max-image-preview:large","max-video-preview":"max-video-preview:-1"},"canonical":"https:\/\/perrosalfak9.com\/?product=rottweiler","og_locale":"es_ES","og_type":"article","og_title":"Rottweiler &#8211; Todo sobre perros en ALFA K9","og_description":"Los rottweilers se han seleccionado como perros guardianes y para trabajos de protecci\u00f3n, algo que debe tenerse en cuenta en todo momento. Pese a que los rottweilers bien socializados se llevan bien con las personas y otros perros, los machos en particular pueden ser algo agresivos y dominantes. Son perros activos e inteligentes, tan seguros de s\u00ed mismos como para actuar por su cuenta, por lo que necesitan que se les oriente desde el primer momento.  Si se les deja a su aire, pueden convertirse en ladradores molestos o excavadores, y dado su tama\u00f1o son capaces de llevar a cabo grandes destrozos. Criados para trabajar, lo mejor para los rottweilers es el adiestramiento y las tareas, aunque sea simplemente el acompa\u00f1amiento de un ni\u00f1o. Las agresiones pueden ser un problema, y este perro es totalmente capaz de hacer mucho da\u00f1o, por lo que los Rottweilers necesitan firmeza y un propietario paciente y experto.","og_url":"https:\/\/perrosalfak9.com\/?product=rottweiler","og_site_name":"Todo sobre perros en ALFA K9","article_publisher":"https:\/\/www.facebook.com\/erick.quiroschaves","article_modified_time":"2023-11-14T17:21:27+00:00","og_image":[{"width":650,"height":338,"url":"https:\/\/perrosalfak9.com\/wp-content\/uploads\/2021\/11\/rott1.jpg","type":"image\/jpeg"}],"twitter_card":"summary_large_image","twitter_misc":{"Tiempo de lectura":"3 minutos"},"schema":{"@context":"https:\/\/schema.org","@graph":[{"@type":"WebPage","@id":"https:\/\/perrosalfak9.com\/?product=rottweiler","url":"https:\/\/perrosalfak9.com\/?product=rottweiler","name":"Rottweiler &#8211; Todo sobre perros en ALFA K9","isPartOf":{"@id":"https:\/\/perrosalfak9.com\/#website"},"primaryImageOfPage":{"@id":"https:\/\/perrosalfak9.com\/?product=rottweiler#primaryimage"},"image":{"@id":"https:\/\/perrosalfak9.com\/?product=rottweiler#primaryimage"},"thumbnailUrl":"https:\/\/perrosalfak9.com\/wp-content\/uploads\/2021\/11\/rott1.jpg","datePublished":"2021-11-25T08:12:41+00:00","dateModified":"2023-11-14T17:21:27+00:00","breadcrumb":{"@id":"https:\/\/perrosalfak9.com\/?product=rottweiler#breadcrumb"},"inLanguage":"es","potentialAction":[{"@type":"ReadAction","target":["https:\/\/perrosalfak9.com\/?product=rottweiler"]}]},{"@type":"ImageObject","inLanguage":"es","@id":"https:\/\/perrosalfak9.com\/?product=rottweiler#primaryimage","url":"https:\/\/perrosalfak9.com\/wp-content\/uploads\/2021\/11\/rott1.jpg","contentUrl":"https:\/\/perrosalfak9.com\/wp-content\/uploads\/2021\/11\/rott1.jpg","width":650,"height":338},{"@type":"BreadcrumbList","@id":"https:\/\/perrosalfak9.com\/?product=rottweiler#breadcrumb","itemListElement":[{"@type":"ListItem","position":1,"name":"Portada","item":"https:\/\/perrosalfak9.com\/"},{"@type":"ListItem","position":2,"name":"Cachorros Disponibles","item":"https:\/\/perrosalfak9.com\/?page_id=401"},{"@type":"ListItem","position":3,"name":"Rottweiler"}]},{"@type":"WebSite","@id":"https:\/\/perrosalfak9.com\/#website","url":"https:\/\/perrosalfak9.com\/","name":"Todo sobre perros en ALFA K9","description":"","publisher":{"@id":"https:\/\/perrosalfak9.com\/#organization"},"potentialAction":[{"@type":"SearchAction","target":{"@type":"EntryPoint","urlTemplate":"https:\/\/perrosalfak9.com\/?s={search_term_string}"},"query-input":{"@type":"PropertyValueSpecification","valueRequired":true,"valueName":"search_term_string"}}],"inLanguage":"es"},{"@type":"Organization","@id":"https:\/\/perrosalfak9.com\/#organization","name":"Todo sobre perros en Alfa K9","url":"https:\/\/perrosalfak9.com\/","logo":{"@type":"ImageObject","inLanguage":"es","@id":"https:\/\/perrosalfak9.com\/#\/schema\/logo\/image\/","url":"https:\/\/perrosalfak9.com\/wp-content\/uploads\/2021\/11\/cropped-cropped-Logo-Alfa-K-9.jpeg","contentUrl":"https:\/\/perrosalfak9.com\/wp-content\/uploads\/2021\/11\/cropped-cropped-Logo-Alfa-K-9.jpeg","width":512,"height":512,"caption":"Todo sobre perros en Alfa K9"},"image":{"@id":"https:\/\/perrosalfak9.com\/#\/schema\/logo\/image\/"},"sameAs":["https:\/\/www.facebook.com\/erick.quiroschaves","https:\/\/www.instagram.com\/todosobreperrosenalfa\/","https:\/\/www.youtube.com\/user\/alfak9sa\/featured"]}]}},"_links":{"self":[{"href":"https:\/\/perrosalfak9.com\/index.php?rest_route=\/wp\/v2\/product\/4626","targetHints":{"allow":["GET"]}}],"collection":[{"href":"https:\/\/perrosalfak9.com\/index.php?rest_route=\/wp\/v2\/product"}],"about":[{"href":"https:\/\/perrosalfak9.com\/index.php?rest_route=\/wp\/v2\/types\/product"}],"replies":[{"embeddable":true,"href":"https:\/\/perrosalfak9.com\/index.php?rest_route=%2Fwp%2Fv2%2Fcomments&post=4626"}],"wp:featuredmedia":[{"embeddable":true,"href":"https:\/\/perrosalfak9.com\/index.php?rest_route=\/wp\/v2\/media\/4630"}],"wp:attachment":[{"href":"https:\/\/perrosalfak9.com\/index.php?rest_route=%2Fwp%2Fv2%2Fmedia&parent=4626"}],"wp:term":[{"taxonomy":"product_brand","embeddable":true,"href":"https:\/\/perrosalfak9.com\/index.php?rest_route=%2Fwp%2Fv2%2Fproduct_brand&post=4626"},{"taxonomy":"product_cat","embeddable":true,"href":"https:\/\/perrosalfak9.com\/index.php?rest_route=%2Fwp%2Fv2%2Fproduct_cat&post=4626"},{"taxonomy":"product_tag","embeddable":true,"href":"https:\/\/perrosalfak9.com\/index.php?rest_route=%2Fwp%2Fv2%2Fproduct_tag&post=4626"}],"curies":[{"name":"wp","href":"https:\/\/api.w.org\/{rel}","templated":true}]}}