{"id":4604,"date":"2021-11-25T08:09:58","date_gmt":"2021-11-25T08:09:58","guid":{"rendered":"https:\/\/perrosalfak9.com\/?post_type=product&#038;p=4604"},"modified":"2026-04-06T00:12:34","modified_gmt":"2026-04-06T00:12:34","slug":"pastor-aleman","status":"publish","type":"product","link":"https:\/\/perrosalfak9.com\/?product=pastor-aleman","title":{"rendered":"Pastor Alem\u00e1n"},"content":{"rendered":"<p><strong>Los pastores alemanes alcanzan como m\u00e1ximo 65 cm de altura, y pesan hasta aproximadamente 41 kg.<\/strong><\/p>\n<p>Se trata de un perro bien proporcionado. La cabeza es ancha y se estrecha con gracia en un hocico afilado. Las orejas son bastante largas y se mantienen erguidas. La espalda est\u00e1 nivelada y es musculosa terminando en una cadera que se curva hacia abajo y en una cola bastante poblada. El pelo es grueso, duro y \u00e1spero presentando generalmente una longitud media, sin embargo, a menudo nacen ejemplares de pelo largo. El color del pelo puede ser negro, pardo, negro y pardo o gris.<\/p>\n<p>La raza vive aproximadamente entre 10 y 12 a\u00f1os.<\/p>\n<h3>Convivencia<\/h3>\n<p>Es importante adquirir pastores alemanes de criadores reconocidos ya que como buenos pastores son grandes, poderosos y tienen fuertes instintos guardianes. Los perros criados con malas pr\u00e1cticas tienen m\u00e1s probabilidades de ser nerviosos.<\/p>\n<p>Para evitar un comportamiento agresivo y sobreprotector, es necesario socializar cuidadosamente a los pastores alemanes desde muy j\u00f3venes y adiestrarlos en obediencia. Deben estar con la familia y expuestos a otras personas y mascotas del vecindario bajo supervisi\u00f3n; no deben confinarse en una caseta o un patio ni solos ni con otros perros.<\/p>\n<p>Los pastores alemanes son activos y disfrutan teniendo algo que hacer. Necesitan realizar gran cantidad de ejercicio a diario; de lo contrario, se vuelven nervioso o muy excitables.<\/p>\n<p>Su muda es muy intensa y se produce unas dos veces al a\u00f1o, y el resto del tiempo muda una cantidad menor de forma continua. Para controlar la muda y mantener un pelo bonito, cep\u00edllalo al menos un par de veces a la semana.<\/p>\n<h3>Historia<\/h3>\n<p>Los pastores alemanes son, como indica su nombre, una raza originaria de Alemania. Se desarrollaron a finales del siglo XIX cruzando distintas razas de perros para pastoreo. Esta raza estaba sometida a una rigurosa selecci\u00f3n y evolucionaba r\u00e1pidamente. En el Reino Unido, estos perros se conocen como alsacianos porque los aficionados a esta raza de la zona quer\u00eda proteger al perro de sentimientos antialemanes tras la Segunda Guerra Mundial.<\/p>\n<p>Los pastores alemanes se introdujeron en los Estados Unidos de la mano de soldados que regresaban a sus hogares tras la Primera Guerra Mundial. La raza llam\u00f3 la atenci\u00f3n del p\u00fablico por estrellas cinematogr\u00e1ficas como Strongheart y, m\u00e1s adelante, Rin Tin Tin. Llegada la Segunda Guerra Mundial, los pastores alemanes fueron la raza militar preferida, adem\u00e1s fueron los primero perros gu\u00eda. En la actualidad, son unos de los perros con m\u00e1s \u00e9xito de los Estados Unidos. En 1999, los pastores alemanes ocupaban el tercer puesto en la lista de cincuenta mejores razas del American Kennel Club.<\/p>\n<p>Adem\u00e1s es una raza de pastoreo famosa por su valent\u00eda, lealtad e instintos guardianes. Es un excelente perro guardi\u00e1n, perro polic\u00eda, perro militar, perro gu\u00eda y perro de b\u00fasqueda y rescate. Para muchas familias, debido a su car\u00e1cter es un valioso miembro de la familia.<\/p>\n<p>&nbsp;<\/p>\n<p><strong>Informaci\u00f3n obtenida de<\/strong>\u00a0<a href=\"https:\/\/www.hillspet.es\/dog-care\/dog-breeds\/german-shepherd\">https:\/\/www.hillspet.es\/dog-care\/dog-breeds\/german-shepherd<\/a><\/p>\n","protected":false},"excerpt":{"rendered":"<ol>\n<li>Los pastores alemanes se llevan bien con los ni\u00f1os y otras mascotas si crecen juntos, pero, tienden a dudar de la gente extra\u00f1a, debido a sus instintos de guardianes.Se considera que esta raza es lista y f\u00e1cil de adiestrar.\u00a0Algunos pastores alemanes que no se han criado debidamente pueden ser muy excitables y nerviosos. Una mala socializaci\u00f3n y un adiestramiento inadecuado, pueden desencadenar comportamientos de sobreprotecci\u00f3n o agresivos.<\/li>\n<\/ol>\n","protected":false},"featured_media":4745,"comment_status":"open","ping_status":"closed","template":"","meta":{"site-sidebar-layout":"default","site-content-layout":"default","ast-site-content-layout":"","site-content-style":"default","site-sidebar-style":"default","ast-global-header-display":"","ast-banner-title-visibility":"","ast-main-header-display":"","ast-hfb-above-header-display":"","ast-hfb-below-header-display":"","ast-hfb-mobile-header-display":"","site-post-title":"","ast-breadcrumbs-content":"","ast-featured-img":"","footer-sml-layout":"","theme-transparent-header-meta":"default","adv-header-id-meta":"","stick-header-meta":"","header-above-stick-meta":"","header-main-stick-meta":"","header-below-stick-meta":"","astra-migrate-meta-layouts":"default","ast-page-background-enabled":"default","ast-page-background-meta":{"desktop":{"background-color":"","background-image":"","background-repeat":"repeat","background-position":"center center","background-size":"auto","background-attachment":"scroll","background-type":"","background-media":"","overlay-type":"","overlay-color":"","overlay-opacity":"","overlay-gradient":""},"tablet":{"background-color":"","background-image":"","background-repeat":"repeat","background-position":"center center","background-size":"auto","background-attachment":"scroll","background-type":"","background-media":"","overlay-type":"","overlay-color":"","overlay-opacity":"","overlay-gradient":""},"mobile":{"background-color":"","background-image":"","background-repeat":"repeat","background-position":"center center","background-size":"auto","background-attachment":"scroll","background-type":"","background-media":"","overlay-type":"","overlay-color":"","overlay-opacity":"","overlay-gradient":""}},"ast-content-background-meta":{"desktop":{"background-color":"var(--ast-global-color-5)","background-image":"","background-repeat":"repeat","background-position":"center center","background-size":"auto","background-attachment":"scroll","background-type":"","background-media":"","overlay-type":"","overlay-color":"","overlay-opacity":"","overlay-gradient":""},"tablet":{"background-color":"var(--ast-global-color-5)","background-image":"","background-repeat":"repeat","background-position":"center center","background-size":"auto","background-attachment":"scroll","background-type":"","background-media":"","overlay-type":"","overlay-color":"","overlay-opacity":"","overlay-gradient":""},"mobile":{"background-color":"var(--ast-global-color-5)","background-image":"","background-repeat":"repeat","background-position":"center center","background-size":"auto","background-attachment":"scroll","background-type":"","background-media":"","overlay-type":"","overlay-color":"","overlay-opacity":"","overlay-gradient":""}}},"product_brand":[],"product_cat":[15],"product_tag":[],"class_list":{"0":"post-4604","1":"product","2":"type-product","3":"status-publish","4":"has-post-thumbnail","6":"product_cat-sin-categorizar","7":"desktop-align-center","8":"tablet-align-center","9":"mobile-align-center","11":"first","12":"instock","13":"shipping-taxable","14":"purchasable","15":"product-type-simple"},"yoast_head":"<!-- This site is optimized with the Yoast SEO plugin v25.7 - https:\/\/yoast.com\/wordpress\/plugins\/seo\/ -->\n<title>Pastor Alem\u00e1n &#8211; Todo sobre perros en ALFA K9<\/title>\n<meta name=\"robots\" content=\"index, follow, max-snippet:-1, max-image-preview:large, max-video-preview:-1\" \/>\n<link rel=\"canonical\" href=\"https:\/\/perrosalfak9.com\/?product=pastor-aleman\" \/>\n<meta property=\"og:locale\" content=\"es_ES\" \/>\n<meta property=\"og:type\" content=\"article\" \/>\n<meta property=\"og:title\" content=\"Pastor Alem\u00e1n &#8211; Todo sobre perros en ALFA K9\" \/>\n<meta property=\"og:description\" content=\"Los pastores alemanes se llevan bien con los ni\u00f1os y otras mascotas si crecen juntos, pero, tienden a dudar de la gente extra\u00f1a, debido a sus instintos de guardianes.Se considera que esta raza es lista y f\u00e1cil de adiestrar.\u00a0Algunos pastores alemanes que no se han criado debidamente pueden ser muy excitables y nerviosos. Una mala socializaci\u00f3n y un adiestramiento inadecuado, pueden desencadenar comportamientos de sobreprotecci\u00f3n o agresivos.\" \/>\n<meta property=\"og:url\" content=\"https:\/\/perrosalfak9.com\/?product=pastor-aleman\" \/>\n<meta property=\"og:site_name\" content=\"Todo sobre perros en ALFA K9\" \/>\n<meta property=\"article:publisher\" content=\"https:\/\/www.facebook.com\/erick.quiroschaves\" \/>\n<meta property=\"article:modified_time\" content=\"2026-04-06T00:12:34+00:00\" \/>\n<meta property=\"og:image\" content=\"https:\/\/perrosalfak9.com\/wp-content\/uploads\/2021\/11\/WhatsApp-Image-2021-12-04-at-3.45.25-PM.jpeg\" \/>\n\t<meta property=\"og:image:width\" content=\"765\" \/>\n\t<meta property=\"og:image:height\" content=\"1020\" \/>\n\t<meta property=\"og:image:type\" content=\"image\/jpeg\" \/>\n<meta name=\"twitter:card\" content=\"summary_large_image\" \/>\n<meta name=\"twitter:label1\" content=\"Tiempo de lectura\" \/>\n\t<meta name=\"twitter:data1\" content=\"3 minutos\" \/>\n<script type=\"application\/ld+json\" class=\"yoast-schema-graph\">{\"@context\":\"https:\/\/schema.org\",\"@graph\":[{\"@type\":\"WebPage\",\"@id\":\"https:\/\/perrosalfak9.com\/?product=pastor-aleman\",\"url\":\"https:\/\/perrosalfak9.com\/?product=pastor-aleman\",\"name\":\"Pastor Alem\u00e1n &#8211; Todo sobre perros en ALFA K9\",\"isPartOf\":{\"@id\":\"https:\/\/perrosalfak9.com\/#website\"},\"primaryImageOfPage\":{\"@id\":\"https:\/\/perrosalfak9.com\/?product=pastor-aleman#primaryimage\"},\"image\":{\"@id\":\"https:\/\/perrosalfak9.com\/?product=pastor-aleman#primaryimage\"},\"thumbnailUrl\":\"https:\/\/perrosalfak9.com\/wp-content\/uploads\/2021\/11\/WhatsApp-Image-2021-12-04-at-3.45.25-PM.jpeg\",\"datePublished\":\"2021-11-25T08:09:58+00:00\",\"dateModified\":\"2026-04-06T00:12:34+00:00\",\"breadcrumb\":{\"@id\":\"https:\/\/perrosalfak9.com\/?product=pastor-aleman#breadcrumb\"},\"inLanguage\":\"es\",\"potentialAction\":[{\"@type\":\"ReadAction\",\"target\":[\"https:\/\/perrosalfak9.com\/?product=pastor-aleman\"]}]},{\"@type\":\"ImageObject\",\"inLanguage\":\"es\",\"@id\":\"https:\/\/perrosalfak9.com\/?product=pastor-aleman#primaryimage\",\"url\":\"https:\/\/perrosalfak9.com\/wp-content\/uploads\/2021\/11\/WhatsApp-Image-2021-12-04-at-3.45.25-PM.jpeg\",\"contentUrl\":\"https:\/\/perrosalfak9.com\/wp-content\/uploads\/2021\/11\/WhatsApp-Image-2021-12-04-at-3.45.25-PM.jpeg\",\"width\":765,\"height\":1020},{\"@type\":\"BreadcrumbList\",\"@id\":\"https:\/\/perrosalfak9.com\/?product=pastor-aleman#breadcrumb\",\"itemListElement\":[{\"@type\":\"ListItem\",\"position\":1,\"name\":\"Portada\",\"item\":\"https:\/\/perrosalfak9.com\/\"},{\"@type\":\"ListItem\",\"position\":2,\"name\":\"Cachorros Disponibles\",\"item\":\"https:\/\/perrosalfak9.com\/?page_id=401\"},{\"@type\":\"ListItem\",\"position\":3,\"name\":\"Pastor Alem\u00e1n\"}]},{\"@type\":\"WebSite\",\"@id\":\"https:\/\/perrosalfak9.com\/#website\",\"url\":\"https:\/\/perrosalfak9.com\/\",\"name\":\"Todo sobre perros en ALFA K9\",\"description\":\"\",\"publisher\":{\"@id\":\"https:\/\/perrosalfak9.com\/#organization\"},\"potentialAction\":[{\"@type\":\"SearchAction\",\"target\":{\"@type\":\"EntryPoint\",\"urlTemplate\":\"https:\/\/perrosalfak9.com\/?s={search_term_string}\"},\"query-input\":{\"@type\":\"PropertyValueSpecification\",\"valueRequired\":true,\"valueName\":\"search_term_string\"}}],\"inLanguage\":\"es\"},{\"@type\":\"Organization\",\"@id\":\"https:\/\/perrosalfak9.com\/#organization\",\"name\":\"Todo sobre perros en Alfa K9\",\"url\":\"https:\/\/perrosalfak9.com\/\",\"logo\":{\"@type\":\"ImageObject\",\"inLanguage\":\"es\",\"@id\":\"https:\/\/perrosalfak9.com\/#\/schema\/logo\/image\/\",\"url\":\"https:\/\/perrosalfak9.com\/wp-content\/uploads\/2021\/11\/cropped-cropped-Logo-Alfa-K-9.jpeg\",\"contentUrl\":\"https:\/\/perrosalfak9.com\/wp-content\/uploads\/2021\/11\/cropped-cropped-Logo-Alfa-K-9.jpeg\",\"width\":512,\"height\":512,\"caption\":\"Todo sobre perros en Alfa K9\"},\"image\":{\"@id\":\"https:\/\/perrosalfak9.com\/#\/schema\/logo\/image\/\"},\"sameAs\":[\"https:\/\/www.facebook.com\/erick.quiroschaves\",\"https:\/\/www.instagram.com\/todosobreperrosenalfa\/\",\"https:\/\/www.youtube.com\/user\/alfak9sa\/featured\"]}]}<\/script>\n<!-- \/ Yoast SEO plugin. -->","yoast_head_json":{"title":"Pastor Alem\u00e1n &#8211; Todo sobre perros en ALFA K9","robots":{"index":"index","follow":"follow","max-snippet":"max-snippet:-1","max-image-preview":"max-image-preview:large","max-video-preview":"max-video-preview:-1"},"canonical":"https:\/\/perrosalfak9.com\/?product=pastor-aleman","og_locale":"es_ES","og_type":"article","og_title":"Pastor Alem\u00e1n &#8211; Todo sobre perros en ALFA K9","og_description":"Los pastores alemanes se llevan bien con los ni\u00f1os y otras mascotas si crecen juntos, pero, tienden a dudar de la gente extra\u00f1a, debido a sus instintos de guardianes.Se considera que esta raza es lista y f\u00e1cil de adiestrar.\u00a0Algunos pastores alemanes que no se han criado debidamente pueden ser muy excitables y nerviosos. Una mala socializaci\u00f3n y un adiestramiento inadecuado, pueden desencadenar comportamientos de sobreprotecci\u00f3n o agresivos.","og_url":"https:\/\/perrosalfak9.com\/?product=pastor-aleman","og_site_name":"Todo sobre perros en ALFA K9","article_publisher":"https:\/\/www.facebook.com\/erick.quiroschaves","article_modified_time":"2026-04-06T00:12:34+00:00","og_image":[{"width":765,"height":1020,"url":"https:\/\/perrosalfak9.com\/wp-content\/uploads\/2021\/11\/WhatsApp-Image-2021-12-04-at-3.45.25-PM.jpeg","type":"image\/jpeg"}],"twitter_card":"summary_large_image","twitter_misc":{"Tiempo de lectura":"3 minutos"},"schema":{"@context":"https:\/\/schema.org","@graph":[{"@type":"WebPage","@id":"https:\/\/perrosalfak9.com\/?product=pastor-aleman","url":"https:\/\/perrosalfak9.com\/?product=pastor-aleman","name":"Pastor Alem\u00e1n &#8211; Todo sobre perros en ALFA K9","isPartOf":{"@id":"https:\/\/perrosalfak9.com\/#website"},"primaryImageOfPage":{"@id":"https:\/\/perrosalfak9.com\/?product=pastor-aleman#primaryimage"},"image":{"@id":"https:\/\/perrosalfak9.com\/?product=pastor-aleman#primaryimage"},"thumbnailUrl":"https:\/\/perrosalfak9.com\/wp-content\/uploads\/2021\/11\/WhatsApp-Image-2021-12-04-at-3.45.25-PM.jpeg","datePublished":"2021-11-25T08:09:58+00:00","dateModified":"2026-04-06T00:12:34+00:00","breadcrumb":{"@id":"https:\/\/perrosalfak9.com\/?product=pastor-aleman#breadcrumb"},"inLanguage":"es","potentialAction":[{"@type":"ReadAction","target":["https:\/\/perrosalfak9.com\/?product=pastor-aleman"]}]},{"@type":"ImageObject","inLanguage":"es","@id":"https:\/\/perrosalfak9.com\/?product=pastor-aleman#primaryimage","url":"https:\/\/perrosalfak9.com\/wp-content\/uploads\/2021\/11\/WhatsApp-Image-2021-12-04-at-3.45.25-PM.jpeg","contentUrl":"https:\/\/perrosalfak9.com\/wp-content\/uploads\/2021\/11\/WhatsApp-Image-2021-12-04-at-3.45.25-PM.jpeg","width":765,"height":1020},{"@type":"BreadcrumbList","@id":"https:\/\/perrosalfak9.com\/?product=pastor-aleman#breadcrumb","itemListElement":[{"@type":"ListItem","position":1,"name":"Portada","item":"https:\/\/perrosalfak9.com\/"},{"@type":"ListItem","position":2,"name":"Cachorros Disponibles","item":"https:\/\/perrosalfak9.com\/?page_id=401"},{"@type":"ListItem","position":3,"name":"Pastor Alem\u00e1n"}]},{"@type":"WebSite","@id":"https:\/\/perrosalfak9.com\/#website","url":"https:\/\/perrosalfak9.com\/","name":"Todo sobre perros en ALFA K9","description":"","publisher":{"@id":"https:\/\/perrosalfak9.com\/#organization"},"potentialAction":[{"@type":"SearchAction","target":{"@type":"EntryPoint","urlTemplate":"https:\/\/perrosalfak9.com\/?s={search_term_string}"},"query-input":{"@type":"PropertyValueSpecification","valueRequired":true,"valueName":"search_term_string"}}],"inLanguage":"es"},{"@type":"Organization","@id":"https:\/\/perrosalfak9.com\/#organization","name":"Todo sobre perros en Alfa K9","url":"https:\/\/perrosalfak9.com\/","logo":{"@type":"ImageObject","inLanguage":"es","@id":"https:\/\/perrosalfak9.com\/#\/schema\/logo\/image\/","url":"https:\/\/perrosalfak9.com\/wp-content\/uploads\/2021\/11\/cropped-cropped-Logo-Alfa-K-9.jpeg","contentUrl":"https:\/\/perrosalfak9.com\/wp-content\/uploads\/2021\/11\/cropped-cropped-Logo-Alfa-K-9.jpeg","width":512,"height":512,"caption":"Todo sobre perros en Alfa K9"},"image":{"@id":"https:\/\/perrosalfak9.com\/#\/schema\/logo\/image\/"},"sameAs":["https:\/\/www.facebook.com\/erick.quiroschaves","https:\/\/www.instagram.com\/todosobreperrosenalfa\/","https:\/\/www.youtube.com\/user\/alfak9sa\/featured"]}]}},"_links":{"self":[{"href":"https:\/\/perrosalfak9.com\/index.php?rest_route=\/wp\/v2\/product\/4604","targetHints":{"allow":["GET"]}}],"collection":[{"href":"https:\/\/perrosalfak9.com\/index.php?rest_route=\/wp\/v2\/product"}],"about":[{"href":"https:\/\/perrosalfak9.com\/index.php?rest_route=\/wp\/v2\/types\/product"}],"replies":[{"embeddable":true,"href":"https:\/\/perrosalfak9.com\/index.php?rest_route=%2Fwp%2Fv2%2Fcomments&post=4604"}],"wp:featuredmedia":[{"embeddable":true,"href":"https:\/\/perrosalfak9.com\/index.php?rest_route=\/wp\/v2\/media\/4745"}],"wp:attachment":[{"href":"https:\/\/perrosalfak9.com\/index.php?rest_route=%2Fwp%2Fv2%2Fmedia&parent=4604"}],"wp:term":[{"taxonomy":"product_brand","embeddable":true,"href":"https:\/\/perrosalfak9.com\/index.php?rest_route=%2Fwp%2Fv2%2Fproduct_brand&post=4604"},{"taxonomy":"product_cat","embeddable":true,"href":"https:\/\/perrosalfak9.com\/index.php?rest_route=%2Fwp%2Fv2%2Fproduct_cat&post=4604"},{"taxonomy":"product_tag","embeddable":true,"href":"https:\/\/perrosalfak9.com\/index.php?rest_route=%2Fwp%2Fv2%2Fproduct_tag&post=4604"}],"curies":[{"name":"wp","href":"https:\/\/api.w.org\/{rel}","templated":true}]}}