{"id":4580,"date":"2021-11-25T08:04:21","date_gmt":"2021-11-25T08:04:21","guid":{"rendered":"https:\/\/perrosalfak9.com\/?post_type=product&#038;p=4580"},"modified":"2026-04-06T00:12:34","modified_gmt":"2026-04-06T00:12:34","slug":"pastor-gris-sable","status":"publish","type":"product","link":"https:\/\/perrosalfak9.com\/?product=pastor-gris-sable","title":{"rendered":"Pastor Gris Sable"},"content":{"rendered":"<h2>Caracter\u00edsticas f\u00edsicas del Pastor Alem\u00e1n sable<\/h2>\n<p>Se trata de un perro de tama\u00f1o grande y aspecto elegante, atl\u00e9tico y lobuno. Presenta una cabeza alargada que se anchea en la parte superior, donde se insertan las orejas, tambi\u00e9n anchas en la base, puntiagudas y medianas. Al estar erguidas transmiten un aspecto de permanente alerta. Empiezan a levantarse aproximadamente a los seis meses de edad.<\/p>\n<p>Adem\u00e1s, son muy m\u00f3viles y pueden girar a diferentes posiciones. La nariz es grande, negra y de punta plana. Todo el hocico supone la mitad de la longitud de la cabeza. La dentadura es fuerte y\u00a0<strong>debe cerrar en una mordida perfecta<\/strong>. Los labios est\u00e1n bien pigmentados. Los ojos tienen forma almendrada<\/p>\n<p>El cuerpo es alargado, siendo mayor la longitud del lomo que la altura a la cruz. Destaca por su pecho profundo y sus muslos musculosos y fuertes. Los pies son arqueados, redondos y peque\u00f1os, con almohadillas gruesas. La cola es larga, casi llega al suelo, y presenta un pelaje denso.<\/p>\n<h2>El manto del Pastor Alem\u00e1n sable<\/h2>\n<p>Mientras que el Pastor Alem\u00e1n t\u00edpico presenta una capa negro y fuego, el sable\u00a0<strong>se caracteriza por una coloraci\u00f3n gris<\/strong>, combinada con marr\u00f3n m\u00e1s bien oscuro. Las tonalidades pueden evolucionar desde el nacimiento y durante los primeros a\u00f1os de vida del perro. Estos ejemplares pueden tener el pelo largo o corto.<\/p>\n<h2>Cuidados b\u00e1sicos del Pastor Alem\u00e1n sable<\/h2>\n<p>Es un perro inteligente que necesita realizar actividad f\u00edsica y mental. Por eso es importante que le proporcionemos est\u00edmulos. Adem\u00e1s de paseos, es aconsejable que pueda\u00a0<strong>hacer ejercicio en libertad<\/strong>, con visitas a la playa o a la monta\u00f1a, o practicar agility y deportes similares. No olvidemos que\u00a0es un perro de trabajo.<\/p>\n","protected":false},"excerpt":{"rendered":"<p>El Pastor Alem\u00e1n y su variedad sable han pasado de las granjas de ovejas a las ciudades, ya que\u00a0<strong>se han adaptado a vivir en la compa\u00f1\u00eda de los humanos<\/strong>\u00a0tanto en ambientes urbanos como rurales. Pueden alojarse en el exterior y soportan bien las temperaturas m\u00e1s bajas. Son perros excelentes para el entrenamiento en obediencia.<\/p>\n<p>Su trabajo en las fuerzas y cuerpos de seguridad lo demuestra. Adem\u00e1s, tambi\u00e9n resultan\u00a0<a href=\"https:\/\/nfnatcane.es\/blog\/top-6-de-razas-de-perros-guardianes\/\">buenos perros guardianes<\/a>. Acostumbran a ser desconfiados con los extra\u00f1os. Aunque no suelen aparecer en los listados de perros potencialmente peligrosos, son de las razas que m\u00e1s mordeduras a personas registra.<\/p>\n","protected":false},"featured_media":4602,"comment_status":"open","ping_status":"closed","template":"","meta":{"site-sidebar-layout":"default","site-content-layout":"default","ast-site-content-layout":"","site-content-style":"default","site-sidebar-style":"default","ast-global-header-display":"","ast-banner-title-visibility":"","ast-main-header-display":"","ast-hfb-above-header-display":"","ast-hfb-below-header-display":"","ast-hfb-mobile-header-display":"","site-post-title":"","ast-breadcrumbs-content":"","ast-featured-img":"","footer-sml-layout":"","theme-transparent-header-meta":"default","adv-header-id-meta":"","stick-header-meta":"","header-above-stick-meta":"","header-main-stick-meta":"","header-below-stick-meta":"","astra-migrate-meta-layouts":"default","ast-page-background-enabled":"default","ast-page-background-meta":{"desktop":{"background-color":"","background-image":"","background-repeat":"repeat","background-position":"center center","background-size":"auto","background-attachment":"scroll","background-type":"","background-media":"","overlay-type":"","overlay-color":"","overlay-opacity":"","overlay-gradient":""},"tablet":{"background-color":"","background-image":"","background-repeat":"repeat","background-position":"center center","background-size":"auto","background-attachment":"scroll","background-type":"","background-media":"","overlay-type":"","overlay-color":"","overlay-opacity":"","overlay-gradient":""},"mobile":{"background-color":"","background-image":"","background-repeat":"repeat","background-position":"center center","background-size":"auto","background-attachment":"scroll","background-type":"","background-media":"","overlay-type":"","overlay-color":"","overlay-opacity":"","overlay-gradient":""}},"ast-content-background-meta":{"desktop":{"background-color":"var(--ast-global-color-5)","background-image":"","background-repeat":"repeat","background-position":"center center","background-size":"auto","background-attachment":"scroll","background-type":"","background-media":"","overlay-type":"","overlay-color":"","overlay-opacity":"","overlay-gradient":""},"tablet":{"background-color":"var(--ast-global-color-5)","background-image":"","background-repeat":"repeat","background-position":"center center","background-size":"auto","background-attachment":"scroll","background-type":"","background-media":"","overlay-type":"","overlay-color":"","overlay-opacity":"","overlay-gradient":""},"mobile":{"background-color":"var(--ast-global-color-5)","background-image":"","background-repeat":"repeat","background-position":"center center","background-size":"auto","background-attachment":"scroll","background-type":"","background-media":"","overlay-type":"","overlay-color":"","overlay-opacity":"","overlay-gradient":""}}},"product_brand":[],"product_cat":[33,34],"product_tag":[],"class_list":{"0":"post-4580","1":"product","2":"type-product","3":"status-publish","4":"has-post-thumbnail","6":"product_cat-hembras","7":"product_cat-machos","8":"desktop-align-center","9":"tablet-align-center","10":"mobile-align-center","12":"first","13":"instock","14":"shipping-taxable","15":"purchasable","16":"product-type-simple"},"yoast_head":"<!-- This site is optimized with the Yoast SEO plugin v25.7 - https:\/\/yoast.com\/wordpress\/plugins\/seo\/ -->\n<title>Pastor Gris Sable &#8211; Todo sobre perros en ALFA K9<\/title>\n<meta name=\"robots\" content=\"index, follow, max-snippet:-1, max-image-preview:large, max-video-preview:-1\" \/>\n<link rel=\"canonical\" href=\"https:\/\/perrosalfak9.com\/?product=pastor-gris-sable\" \/>\n<meta property=\"og:locale\" content=\"es_ES\" \/>\n<meta property=\"og:type\" content=\"article\" \/>\n<meta property=\"og:title\" content=\"Pastor Gris Sable &#8211; Todo sobre perros en ALFA K9\" \/>\n<meta property=\"og:description\" content=\"El Pastor Alem\u00e1n y su variedad sable han pasado de las granjas de ovejas a las ciudades, ya que\u00a0se han adaptado a vivir en la compa\u00f1\u00eda de los humanos\u00a0tanto en ambientes urbanos como rurales. Pueden alojarse en el exterior y soportan bien las temperaturas m\u00e1s bajas. Son perros excelentes para el entrenamiento en obediencia.  Su trabajo en las fuerzas y cuerpos de seguridad lo demuestra. Adem\u00e1s, tambi\u00e9n resultan\u00a0buenos perros guardianes. Acostumbran a ser desconfiados con los extra\u00f1os. Aunque no suelen aparecer en los listados de perros potencialmente peligrosos, son de las razas que m\u00e1s mordeduras a personas registra.\" \/>\n<meta property=\"og:url\" content=\"https:\/\/perrosalfak9.com\/?product=pastor-gris-sable\" \/>\n<meta property=\"og:site_name\" content=\"Todo sobre perros en ALFA K9\" \/>\n<meta property=\"article:publisher\" content=\"https:\/\/www.facebook.com\/erick.quiroschaves\" \/>\n<meta property=\"article:modified_time\" content=\"2026-04-06T00:12:34+00:00\" \/>\n<meta property=\"og:image\" content=\"https:\/\/perrosalfak9.com\/wp-content\/uploads\/2021\/11\/sable23.jpg\" \/>\n\t<meta property=\"og:image:width\" content=\"1040\" \/>\n\t<meta property=\"og:image:height\" content=\"780\" \/>\n\t<meta property=\"og:image:type\" content=\"image\/jpeg\" \/>\n<meta name=\"twitter:card\" content=\"summary_large_image\" \/>\n<meta name=\"twitter:label1\" content=\"Tiempo de lectura\" \/>\n\t<meta name=\"twitter:data1\" content=\"2 minutos\" \/>\n<script type=\"application\/ld+json\" class=\"yoast-schema-graph\">{\"@context\":\"https:\/\/schema.org\",\"@graph\":[{\"@type\":\"WebPage\",\"@id\":\"https:\/\/perrosalfak9.com\/?product=pastor-gris-sable\",\"url\":\"https:\/\/perrosalfak9.com\/?product=pastor-gris-sable\",\"name\":\"Pastor Gris Sable &#8211; Todo sobre perros en ALFA K9\",\"isPartOf\":{\"@id\":\"https:\/\/perrosalfak9.com\/#website\"},\"primaryImageOfPage\":{\"@id\":\"https:\/\/perrosalfak9.com\/?product=pastor-gris-sable#primaryimage\"},\"image\":{\"@id\":\"https:\/\/perrosalfak9.com\/?product=pastor-gris-sable#primaryimage\"},\"thumbnailUrl\":\"https:\/\/perrosalfak9.com\/wp-content\/uploads\/2021\/11\/sable23.jpg\",\"datePublished\":\"2021-11-25T08:04:21+00:00\",\"dateModified\":\"2026-04-06T00:12:34+00:00\",\"breadcrumb\":{\"@id\":\"https:\/\/perrosalfak9.com\/?product=pastor-gris-sable#breadcrumb\"},\"inLanguage\":\"es\",\"potentialAction\":[{\"@type\":\"ReadAction\",\"target\":[\"https:\/\/perrosalfak9.com\/?product=pastor-gris-sable\"]}]},{\"@type\":\"ImageObject\",\"inLanguage\":\"es\",\"@id\":\"https:\/\/perrosalfak9.com\/?product=pastor-gris-sable#primaryimage\",\"url\":\"https:\/\/perrosalfak9.com\/wp-content\/uploads\/2021\/11\/sable23.jpg\",\"contentUrl\":\"https:\/\/perrosalfak9.com\/wp-content\/uploads\/2021\/11\/sable23.jpg\",\"width\":1040,\"height\":780},{\"@type\":\"BreadcrumbList\",\"@id\":\"https:\/\/perrosalfak9.com\/?product=pastor-gris-sable#breadcrumb\",\"itemListElement\":[{\"@type\":\"ListItem\",\"position\":1,\"name\":\"Portada\",\"item\":\"https:\/\/perrosalfak9.com\/\"},{\"@type\":\"ListItem\",\"position\":2,\"name\":\"Cachorros Disponibles\",\"item\":\"https:\/\/perrosalfak9.com\/?page_id=401\"},{\"@type\":\"ListItem\",\"position\":3,\"name\":\"Pastor Gris Sable\"}]},{\"@type\":\"WebSite\",\"@id\":\"https:\/\/perrosalfak9.com\/#website\",\"url\":\"https:\/\/perrosalfak9.com\/\",\"name\":\"Todo sobre perros en ALFA K9\",\"description\":\"\",\"publisher\":{\"@id\":\"https:\/\/perrosalfak9.com\/#organization\"},\"potentialAction\":[{\"@type\":\"SearchAction\",\"target\":{\"@type\":\"EntryPoint\",\"urlTemplate\":\"https:\/\/perrosalfak9.com\/?s={search_term_string}\"},\"query-input\":{\"@type\":\"PropertyValueSpecification\",\"valueRequired\":true,\"valueName\":\"search_term_string\"}}],\"inLanguage\":\"es\"},{\"@type\":\"Organization\",\"@id\":\"https:\/\/perrosalfak9.com\/#organization\",\"name\":\"Todo sobre perros en Alfa K9\",\"url\":\"https:\/\/perrosalfak9.com\/\",\"logo\":{\"@type\":\"ImageObject\",\"inLanguage\":\"es\",\"@id\":\"https:\/\/perrosalfak9.com\/#\/schema\/logo\/image\/\",\"url\":\"https:\/\/perrosalfak9.com\/wp-content\/uploads\/2021\/11\/cropped-cropped-Logo-Alfa-K-9.jpeg\",\"contentUrl\":\"https:\/\/perrosalfak9.com\/wp-content\/uploads\/2021\/11\/cropped-cropped-Logo-Alfa-K-9.jpeg\",\"width\":512,\"height\":512,\"caption\":\"Todo sobre perros en Alfa K9\"},\"image\":{\"@id\":\"https:\/\/perrosalfak9.com\/#\/schema\/logo\/image\/\"},\"sameAs\":[\"https:\/\/www.facebook.com\/erick.quiroschaves\",\"https:\/\/www.instagram.com\/todosobreperrosenalfa\/\",\"https:\/\/www.youtube.com\/user\/alfak9sa\/featured\"]}]}<\/script>\n<!-- \/ Yoast SEO plugin. -->","yoast_head_json":{"title":"Pastor Gris Sable &#8211; Todo sobre perros en ALFA K9","robots":{"index":"index","follow":"follow","max-snippet":"max-snippet:-1","max-image-preview":"max-image-preview:large","max-video-preview":"max-video-preview:-1"},"canonical":"https:\/\/perrosalfak9.com\/?product=pastor-gris-sable","og_locale":"es_ES","og_type":"article","og_title":"Pastor Gris Sable &#8211; Todo sobre perros en ALFA K9","og_description":"El Pastor Alem\u00e1n y su variedad sable han pasado de las granjas de ovejas a las ciudades, ya que\u00a0se han adaptado a vivir en la compa\u00f1\u00eda de los humanos\u00a0tanto en ambientes urbanos como rurales. Pueden alojarse en el exterior y soportan bien las temperaturas m\u00e1s bajas. Son perros excelentes para el entrenamiento en obediencia.  Su trabajo en las fuerzas y cuerpos de seguridad lo demuestra. Adem\u00e1s, tambi\u00e9n resultan\u00a0buenos perros guardianes. Acostumbran a ser desconfiados con los extra\u00f1os. Aunque no suelen aparecer en los listados de perros potencialmente peligrosos, son de las razas que m\u00e1s mordeduras a personas registra.","og_url":"https:\/\/perrosalfak9.com\/?product=pastor-gris-sable","og_site_name":"Todo sobre perros en ALFA K9","article_publisher":"https:\/\/www.facebook.com\/erick.quiroschaves","article_modified_time":"2026-04-06T00:12:34+00:00","og_image":[{"width":1040,"height":780,"url":"https:\/\/perrosalfak9.com\/wp-content\/uploads\/2021\/11\/sable23.jpg","type":"image\/jpeg"}],"twitter_card":"summary_large_image","twitter_misc":{"Tiempo de lectura":"2 minutos"},"schema":{"@context":"https:\/\/schema.org","@graph":[{"@type":"WebPage","@id":"https:\/\/perrosalfak9.com\/?product=pastor-gris-sable","url":"https:\/\/perrosalfak9.com\/?product=pastor-gris-sable","name":"Pastor Gris Sable &#8211; Todo sobre perros en ALFA K9","isPartOf":{"@id":"https:\/\/perrosalfak9.com\/#website"},"primaryImageOfPage":{"@id":"https:\/\/perrosalfak9.com\/?product=pastor-gris-sable#primaryimage"},"image":{"@id":"https:\/\/perrosalfak9.com\/?product=pastor-gris-sable#primaryimage"},"thumbnailUrl":"https:\/\/perrosalfak9.com\/wp-content\/uploads\/2021\/11\/sable23.jpg","datePublished":"2021-11-25T08:04:21+00:00","dateModified":"2026-04-06T00:12:34+00:00","breadcrumb":{"@id":"https:\/\/perrosalfak9.com\/?product=pastor-gris-sable#breadcrumb"},"inLanguage":"es","potentialAction":[{"@type":"ReadAction","target":["https:\/\/perrosalfak9.com\/?product=pastor-gris-sable"]}]},{"@type":"ImageObject","inLanguage":"es","@id":"https:\/\/perrosalfak9.com\/?product=pastor-gris-sable#primaryimage","url":"https:\/\/perrosalfak9.com\/wp-content\/uploads\/2021\/11\/sable23.jpg","contentUrl":"https:\/\/perrosalfak9.com\/wp-content\/uploads\/2021\/11\/sable23.jpg","width":1040,"height":780},{"@type":"BreadcrumbList","@id":"https:\/\/perrosalfak9.com\/?product=pastor-gris-sable#breadcrumb","itemListElement":[{"@type":"ListItem","position":1,"name":"Portada","item":"https:\/\/perrosalfak9.com\/"},{"@type":"ListItem","position":2,"name":"Cachorros Disponibles","item":"https:\/\/perrosalfak9.com\/?page_id=401"},{"@type":"ListItem","position":3,"name":"Pastor Gris Sable"}]},{"@type":"WebSite","@id":"https:\/\/perrosalfak9.com\/#website","url":"https:\/\/perrosalfak9.com\/","name":"Todo sobre perros en ALFA K9","description":"","publisher":{"@id":"https:\/\/perrosalfak9.com\/#organization"},"potentialAction":[{"@type":"SearchAction","target":{"@type":"EntryPoint","urlTemplate":"https:\/\/perrosalfak9.com\/?s={search_term_string}"},"query-input":{"@type":"PropertyValueSpecification","valueRequired":true,"valueName":"search_term_string"}}],"inLanguage":"es"},{"@type":"Organization","@id":"https:\/\/perrosalfak9.com\/#organization","name":"Todo sobre perros en Alfa K9","url":"https:\/\/perrosalfak9.com\/","logo":{"@type":"ImageObject","inLanguage":"es","@id":"https:\/\/perrosalfak9.com\/#\/schema\/logo\/image\/","url":"https:\/\/perrosalfak9.com\/wp-content\/uploads\/2021\/11\/cropped-cropped-Logo-Alfa-K-9.jpeg","contentUrl":"https:\/\/perrosalfak9.com\/wp-content\/uploads\/2021\/11\/cropped-cropped-Logo-Alfa-K-9.jpeg","width":512,"height":512,"caption":"Todo sobre perros en Alfa K9"},"image":{"@id":"https:\/\/perrosalfak9.com\/#\/schema\/logo\/image\/"},"sameAs":["https:\/\/www.facebook.com\/erick.quiroschaves","https:\/\/www.instagram.com\/todosobreperrosenalfa\/","https:\/\/www.youtube.com\/user\/alfak9sa\/featured"]}]}},"_links":{"self":[{"href":"https:\/\/perrosalfak9.com\/index.php?rest_route=\/wp\/v2\/product\/4580","targetHints":{"allow":["GET"]}}],"collection":[{"href":"https:\/\/perrosalfak9.com\/index.php?rest_route=\/wp\/v2\/product"}],"about":[{"href":"https:\/\/perrosalfak9.com\/index.php?rest_route=\/wp\/v2\/types\/product"}],"replies":[{"embeddable":true,"href":"https:\/\/perrosalfak9.com\/index.php?rest_route=%2Fwp%2Fv2%2Fcomments&post=4580"}],"wp:featuredmedia":[{"embeddable":true,"href":"https:\/\/perrosalfak9.com\/index.php?rest_route=\/wp\/v2\/media\/4602"}],"wp:attachment":[{"href":"https:\/\/perrosalfak9.com\/index.php?rest_route=%2Fwp%2Fv2%2Fmedia&parent=4580"}],"wp:term":[{"taxonomy":"product_brand","embeddable":true,"href":"https:\/\/perrosalfak9.com\/index.php?rest_route=%2Fwp%2Fv2%2Fproduct_brand&post=4580"},{"taxonomy":"product_cat","embeddable":true,"href":"https:\/\/perrosalfak9.com\/index.php?rest_route=%2Fwp%2Fv2%2Fproduct_cat&post=4580"},{"taxonomy":"product_tag","embeddable":true,"href":"https:\/\/perrosalfak9.com\/index.php?rest_route=%2Fwp%2Fv2%2Fproduct_tag&post=4580"}],"curies":[{"name":"wp","href":"https:\/\/api.w.org\/{rel}","templated":true}]}}