{"id":4566,"date":"2021-11-24T04:33:19","date_gmt":"2021-11-24T04:33:19","guid":{"rendered":"https:\/\/perrosalfak9.com\/?post_type=product&#038;p=4566"},"modified":"2026-01-11T09:08:48","modified_gmt":"2026-01-11T09:08:48","slug":"beagle","status":"publish","type":"product","link":"https:\/\/perrosalfak9.com\/?product=beagle","title":{"rendered":"Beagle"},"content":{"rendered":"<p><strong>Los beagles se presentan en dos tama\u00f1os distintos.<\/strong><\/p>\n<p>Algunos miden unos 30 cm o menos y pesan sobre los 10 kg; el segundo grupo de tama\u00f1o mide entre 30 y 40 cm y pesa entre 15 y 20 kg aproximadamente.<\/p>\n<p>Los beagles son perros compactos y musculosos con un cr\u00e1neo ligeramente abombado. Su mand\u00edbula es m\u00e1s bien cuadrada y la trufa ancha. Las orejas son largas y colgantes. Su pecho es profundo, la espalda es recta y tienen una cola moderadamente larga implantada alta. El pelo suave y denso de esta raza suele ser negro, pardo y blanco.<\/p>\n<h3>Convivencia<\/h3>\n<p>Los beagles son perros activos y curiosos. Tambi\u00e9n son sabuesos, por lo que deambulan por naturaleza. Es necesario evitar que paseen de forma peligrosa confin\u00e1ndolos en un patio vallado o sujetos con una correa cuando salen de casa.<\/p>\n<p>Los beagles tambi\u00e9n son perritos simp\u00e1ticos. No cuentes con ellos para que protejan tu casa. Pueden ladrar, pero probablemente no har\u00e1n mucho m\u00e1s que agitar la cola si se encuentran con un intruso.<\/p>\n<p>Su pelo corto es extraordinariamente f\u00e1cil de cuidar y requiere un aseo m\u00ednimo y solo ba\u00f1os ocasionales. Una vez dejan de ser cachorros, algunos beagles parecen tener tendencia a padecer sobrepeso r\u00e1pidamente, por lo que hay que vigilar su ingesta cal\u00f3rica. La esperanza de vida del beagle est\u00e1 en torno a los 12 a\u00f1os.<\/p>\n<h3>Historia<\/h3>\n<p>La raza beagle existe desde hace siglos y es una de las m\u00e1s conocidas del mundo. Seg\u00fan un historiador de razas, ya se escrib\u00eda sobre los beagles en el siglo XV.<\/p>\n<p>Descienden de los sabuesos utilizados en equipo por cazadores a pie en Inglaterra, Gales y Francia. Para cacer\u00edas a caballo se utilizaba una variedad conocida como \u00abbeagles de bolsillo\u00bb porque med\u00edan menos de 25 cm y pod\u00edan llevarse en el bolsillo de una chaqueta hasta el punto de inicio de la cacer\u00eda. El beagle es m\u00e1s conocido como cazador de conejos, aunque esta raza tambi\u00e9n se ha utilizado para cazar animales tan diversos como chacales y jabal\u00edes.<\/p>\n<p>Aunque algunos beagles se siguen usando individualmente o en equipo para cazar,\u00a0 pero la mayor\u00eda son actualmente mascotas de casa.<\/p>\n<p><strong>Informaci\u00f3n obtenida de:\u00a0<\/strong><a href=\"https:\/\/www.hillspet.es\/dog-care\/dog-breeds\/beagle\">https:\/\/www.hillspet.es\/dog-care\/dog-breeds\/beagle<\/a><\/p>\n","protected":false},"excerpt":{"rendered":"<p>Se suele considerar que los beagles se llevan bien con otras mascotas y con los ni\u00f1os. Son perros alegres a los que les gusta el afecto. Prefieren la compa\u00f1\u00eda. De hecho, si se los deja solos, pueden aullar y adoptar comportamientos destructivos. Seg\u00fan una gu\u00eda para propietarios de perros, los beagles tambi\u00e9n encabezan la lista de ladridos excesivos y pueden ser dif\u00edciles de adiestrar en el control de esf\u00ednteres y en obediencia.<\/p>\n","protected":false},"featured_media":4835,"comment_status":"open","ping_status":"closed","template":"","meta":{"site-sidebar-layout":"default","site-content-layout":"default","ast-site-content-layout":"","site-content-style":"default","site-sidebar-style":"default","ast-global-header-display":"","ast-banner-title-visibility":"","ast-main-header-display":"","ast-hfb-above-header-display":"","ast-hfb-below-header-display":"","ast-hfb-mobile-header-display":"","site-post-title":"","ast-breadcrumbs-content":"","ast-featured-img":"","footer-sml-layout":"","theme-transparent-header-meta":"default","adv-header-id-meta":"","stick-header-meta":"","header-above-stick-meta":"","header-main-stick-meta":"","header-below-stick-meta":"","astra-migrate-meta-layouts":"default","ast-page-background-enabled":"default","ast-page-background-meta":{"desktop":{"background-color":"","background-image":"","background-repeat":"repeat","background-position":"center center","background-size":"auto","background-attachment":"scroll","background-type":"","background-media":"","overlay-type":"","overlay-color":"","overlay-opacity":"","overlay-gradient":""},"tablet":{"background-color":"","background-image":"","background-repeat":"repeat","background-position":"center center","background-size":"auto","background-attachment":"scroll","background-type":"","background-media":"","overlay-type":"","overlay-color":"","overlay-opacity":"","overlay-gradient":""},"mobile":{"background-color":"","background-image":"","background-repeat":"repeat","background-position":"center center","background-size":"auto","background-attachment":"scroll","background-type":"","background-media":"","overlay-type":"","overlay-color":"","overlay-opacity":"","overlay-gradient":""}},"ast-content-background-meta":{"desktop":{"background-color":"var(--ast-global-color-5)","background-image":"","background-repeat":"repeat","background-position":"center center","background-size":"auto","background-attachment":"scroll","background-type":"","background-media":"","overlay-type":"","overlay-color":"","overlay-opacity":"","overlay-gradient":""},"tablet":{"background-color":"var(--ast-global-color-5)","background-image":"","background-repeat":"repeat","background-position":"center center","background-size":"auto","background-attachment":"scroll","background-type":"","background-media":"","overlay-type":"","overlay-color":"","overlay-opacity":"","overlay-gradient":""},"mobile":{"background-color":"var(--ast-global-color-5)","background-image":"","background-repeat":"repeat","background-position":"center center","background-size":"auto","background-attachment":"scroll","background-type":"","background-media":"","overlay-type":"","overlay-color":"","overlay-opacity":"","overlay-gradient":""}}},"product_brand":[],"product_cat":[33,34],"product_tag":[],"class_list":{"0":"post-4566","1":"product","2":"type-product","3":"status-publish","4":"has-post-thumbnail","6":"product_cat-hembras","7":"product_cat-machos","8":"desktop-align-center","9":"tablet-align-center","10":"mobile-align-center","12":"first","13":"instock","14":"shipping-taxable","15":"purchasable","16":"product-type-simple"},"yoast_head":"<!-- This site is optimized with the Yoast SEO plugin v25.7 - https:\/\/yoast.com\/wordpress\/plugins\/seo\/ -->\n<title>Beagle &#8211; Todo sobre perros en ALFA K9<\/title>\n<meta name=\"robots\" content=\"index, follow, max-snippet:-1, max-image-preview:large, max-video-preview:-1\" \/>\n<link rel=\"canonical\" href=\"https:\/\/perrosalfak9.com\/?product=beagle\" \/>\n<meta property=\"og:locale\" content=\"es_ES\" \/>\n<meta property=\"og:type\" content=\"article\" \/>\n<meta property=\"og:title\" content=\"Beagle &#8211; Todo sobre perros en ALFA K9\" \/>\n<meta property=\"og:description\" content=\"Se suele considerar que los beagles se llevan bien con otras mascotas y con los ni\u00f1os. Son perros alegres a los que les gusta el afecto. Prefieren la compa\u00f1\u00eda. De hecho, si se los deja solos, pueden aullar y adoptar comportamientos destructivos. Seg\u00fan una gu\u00eda para propietarios de perros, los beagles tambi\u00e9n encabezan la lista de ladridos excesivos y pueden ser dif\u00edciles de adiestrar en el control de esf\u00ednteres y en obediencia.\" \/>\n<meta property=\"og:url\" content=\"https:\/\/perrosalfak9.com\/?product=beagle\" \/>\n<meta property=\"og:site_name\" content=\"Todo sobre perros en ALFA K9\" \/>\n<meta property=\"article:publisher\" content=\"https:\/\/www.facebook.com\/erick.quiroschaves\" \/>\n<meta property=\"article:modified_time\" content=\"2026-01-11T09:08:48+00:00\" \/>\n<meta property=\"og:image\" content=\"https:\/\/perrosalfak9.com\/wp-content\/uploads\/2021\/11\/Beagle-1.jpeg\" \/>\n\t<meta property=\"og:image:width\" content=\"407\" \/>\n\t<meta property=\"og:image:height\" content=\"1020\" \/>\n\t<meta property=\"og:image:type\" content=\"image\/jpeg\" \/>\n<meta name=\"twitter:card\" content=\"summary_large_image\" \/>\n<meta name=\"twitter:label1\" content=\"Tiempo de lectura\" \/>\n\t<meta name=\"twitter:data1\" content=\"2 minutos\" \/>\n<script type=\"application\/ld+json\" class=\"yoast-schema-graph\">{\"@context\":\"https:\/\/schema.org\",\"@graph\":[{\"@type\":\"WebPage\",\"@id\":\"https:\/\/perrosalfak9.com\/?product=beagle\",\"url\":\"https:\/\/perrosalfak9.com\/?product=beagle\",\"name\":\"Beagle &#8211; Todo sobre perros en ALFA K9\",\"isPartOf\":{\"@id\":\"https:\/\/perrosalfak9.com\/#website\"},\"primaryImageOfPage\":{\"@id\":\"https:\/\/perrosalfak9.com\/?product=beagle#primaryimage\"},\"image\":{\"@id\":\"https:\/\/perrosalfak9.com\/?product=beagle#primaryimage\"},\"thumbnailUrl\":\"https:\/\/perrosalfak9.com\/wp-content\/uploads\/2021\/11\/Beagle-1.jpeg\",\"datePublished\":\"2021-11-24T04:33:19+00:00\",\"dateModified\":\"2026-01-11T09:08:48+00:00\",\"breadcrumb\":{\"@id\":\"https:\/\/perrosalfak9.com\/?product=beagle#breadcrumb\"},\"inLanguage\":\"es\",\"potentialAction\":[{\"@type\":\"ReadAction\",\"target\":[\"https:\/\/perrosalfak9.com\/?product=beagle\"]}]},{\"@type\":\"ImageObject\",\"inLanguage\":\"es\",\"@id\":\"https:\/\/perrosalfak9.com\/?product=beagle#primaryimage\",\"url\":\"https:\/\/perrosalfak9.com\/wp-content\/uploads\/2021\/11\/Beagle-1.jpeg\",\"contentUrl\":\"https:\/\/perrosalfak9.com\/wp-content\/uploads\/2021\/11\/Beagle-1.jpeg\",\"width\":407,\"height\":1020},{\"@type\":\"BreadcrumbList\",\"@id\":\"https:\/\/perrosalfak9.com\/?product=beagle#breadcrumb\",\"itemListElement\":[{\"@type\":\"ListItem\",\"position\":1,\"name\":\"Portada\",\"item\":\"https:\/\/perrosalfak9.com\/\"},{\"@type\":\"ListItem\",\"position\":2,\"name\":\"Cachorros Disponibles\",\"item\":\"https:\/\/perrosalfak9.com\/?page_id=401\"},{\"@type\":\"ListItem\",\"position\":3,\"name\":\"Beagle\"}]},{\"@type\":\"WebSite\",\"@id\":\"https:\/\/perrosalfak9.com\/#website\",\"url\":\"https:\/\/perrosalfak9.com\/\",\"name\":\"Todo sobre perros en ALFA K9\",\"description\":\"\",\"publisher\":{\"@id\":\"https:\/\/perrosalfak9.com\/#organization\"},\"potentialAction\":[{\"@type\":\"SearchAction\",\"target\":{\"@type\":\"EntryPoint\",\"urlTemplate\":\"https:\/\/perrosalfak9.com\/?s={search_term_string}\"},\"query-input\":{\"@type\":\"PropertyValueSpecification\",\"valueRequired\":true,\"valueName\":\"search_term_string\"}}],\"inLanguage\":\"es\"},{\"@type\":\"Organization\",\"@id\":\"https:\/\/perrosalfak9.com\/#organization\",\"name\":\"Todo sobre perros en Alfa K9\",\"url\":\"https:\/\/perrosalfak9.com\/\",\"logo\":{\"@type\":\"ImageObject\",\"inLanguage\":\"es\",\"@id\":\"https:\/\/perrosalfak9.com\/#\/schema\/logo\/image\/\",\"url\":\"https:\/\/perrosalfak9.com\/wp-content\/uploads\/2021\/11\/cropped-cropped-Logo-Alfa-K-9.jpeg\",\"contentUrl\":\"https:\/\/perrosalfak9.com\/wp-content\/uploads\/2021\/11\/cropped-cropped-Logo-Alfa-K-9.jpeg\",\"width\":512,\"height\":512,\"caption\":\"Todo sobre perros en Alfa K9\"},\"image\":{\"@id\":\"https:\/\/perrosalfak9.com\/#\/schema\/logo\/image\/\"},\"sameAs\":[\"https:\/\/www.facebook.com\/erick.quiroschaves\",\"https:\/\/www.instagram.com\/todosobreperrosenalfa\/\",\"https:\/\/www.youtube.com\/user\/alfak9sa\/featured\"]}]}<\/script>\n<!-- \/ Yoast SEO plugin. -->","yoast_head_json":{"title":"Beagle &#8211; Todo sobre perros en ALFA K9","robots":{"index":"index","follow":"follow","max-snippet":"max-snippet:-1","max-image-preview":"max-image-preview:large","max-video-preview":"max-video-preview:-1"},"canonical":"https:\/\/perrosalfak9.com\/?product=beagle","og_locale":"es_ES","og_type":"article","og_title":"Beagle &#8211; Todo sobre perros en ALFA K9","og_description":"Se suele considerar que los beagles se llevan bien con otras mascotas y con los ni\u00f1os. Son perros alegres a los que les gusta el afecto. Prefieren la compa\u00f1\u00eda. De hecho, si se los deja solos, pueden aullar y adoptar comportamientos destructivos. Seg\u00fan una gu\u00eda para propietarios de perros, los beagles tambi\u00e9n encabezan la lista de ladridos excesivos y pueden ser dif\u00edciles de adiestrar en el control de esf\u00ednteres y en obediencia.","og_url":"https:\/\/perrosalfak9.com\/?product=beagle","og_site_name":"Todo sobre perros en ALFA K9","article_publisher":"https:\/\/www.facebook.com\/erick.quiroschaves","article_modified_time":"2026-01-11T09:08:48+00:00","og_image":[{"width":407,"height":1020,"url":"https:\/\/perrosalfak9.com\/wp-content\/uploads\/2021\/11\/Beagle-1.jpeg","type":"image\/jpeg"}],"twitter_card":"summary_large_image","twitter_misc":{"Tiempo de lectura":"2 minutos"},"schema":{"@context":"https:\/\/schema.org","@graph":[{"@type":"WebPage","@id":"https:\/\/perrosalfak9.com\/?product=beagle","url":"https:\/\/perrosalfak9.com\/?product=beagle","name":"Beagle &#8211; Todo sobre perros en ALFA K9","isPartOf":{"@id":"https:\/\/perrosalfak9.com\/#website"},"primaryImageOfPage":{"@id":"https:\/\/perrosalfak9.com\/?product=beagle#primaryimage"},"image":{"@id":"https:\/\/perrosalfak9.com\/?product=beagle#primaryimage"},"thumbnailUrl":"https:\/\/perrosalfak9.com\/wp-content\/uploads\/2021\/11\/Beagle-1.jpeg","datePublished":"2021-11-24T04:33:19+00:00","dateModified":"2026-01-11T09:08:48+00:00","breadcrumb":{"@id":"https:\/\/perrosalfak9.com\/?product=beagle#breadcrumb"},"inLanguage":"es","potentialAction":[{"@type":"ReadAction","target":["https:\/\/perrosalfak9.com\/?product=beagle"]}]},{"@type":"ImageObject","inLanguage":"es","@id":"https:\/\/perrosalfak9.com\/?product=beagle#primaryimage","url":"https:\/\/perrosalfak9.com\/wp-content\/uploads\/2021\/11\/Beagle-1.jpeg","contentUrl":"https:\/\/perrosalfak9.com\/wp-content\/uploads\/2021\/11\/Beagle-1.jpeg","width":407,"height":1020},{"@type":"BreadcrumbList","@id":"https:\/\/perrosalfak9.com\/?product=beagle#breadcrumb","itemListElement":[{"@type":"ListItem","position":1,"name":"Portada","item":"https:\/\/perrosalfak9.com\/"},{"@type":"ListItem","position":2,"name":"Cachorros Disponibles","item":"https:\/\/perrosalfak9.com\/?page_id=401"},{"@type":"ListItem","position":3,"name":"Beagle"}]},{"@type":"WebSite","@id":"https:\/\/perrosalfak9.com\/#website","url":"https:\/\/perrosalfak9.com\/","name":"Todo sobre perros en ALFA K9","description":"","publisher":{"@id":"https:\/\/perrosalfak9.com\/#organization"},"potentialAction":[{"@type":"SearchAction","target":{"@type":"EntryPoint","urlTemplate":"https:\/\/perrosalfak9.com\/?s={search_term_string}"},"query-input":{"@type":"PropertyValueSpecification","valueRequired":true,"valueName":"search_term_string"}}],"inLanguage":"es"},{"@type":"Organization","@id":"https:\/\/perrosalfak9.com\/#organization","name":"Todo sobre perros en Alfa K9","url":"https:\/\/perrosalfak9.com\/","logo":{"@type":"ImageObject","inLanguage":"es","@id":"https:\/\/perrosalfak9.com\/#\/schema\/logo\/image\/","url":"https:\/\/perrosalfak9.com\/wp-content\/uploads\/2021\/11\/cropped-cropped-Logo-Alfa-K-9.jpeg","contentUrl":"https:\/\/perrosalfak9.com\/wp-content\/uploads\/2021\/11\/cropped-cropped-Logo-Alfa-K-9.jpeg","width":512,"height":512,"caption":"Todo sobre perros en Alfa K9"},"image":{"@id":"https:\/\/perrosalfak9.com\/#\/schema\/logo\/image\/"},"sameAs":["https:\/\/www.facebook.com\/erick.quiroschaves","https:\/\/www.instagram.com\/todosobreperrosenalfa\/","https:\/\/www.youtube.com\/user\/alfak9sa\/featured"]}]}},"_links":{"self":[{"href":"https:\/\/perrosalfak9.com\/index.php?rest_route=\/wp\/v2\/product\/4566","targetHints":{"allow":["GET"]}}],"collection":[{"href":"https:\/\/perrosalfak9.com\/index.php?rest_route=\/wp\/v2\/product"}],"about":[{"href":"https:\/\/perrosalfak9.com\/index.php?rest_route=\/wp\/v2\/types\/product"}],"replies":[{"embeddable":true,"href":"https:\/\/perrosalfak9.com\/index.php?rest_route=%2Fwp%2Fv2%2Fcomments&post=4566"}],"wp:featuredmedia":[{"embeddable":true,"href":"https:\/\/perrosalfak9.com\/index.php?rest_route=\/wp\/v2\/media\/4835"}],"wp:attachment":[{"href":"https:\/\/perrosalfak9.com\/index.php?rest_route=%2Fwp%2Fv2%2Fmedia&parent=4566"}],"wp:term":[{"taxonomy":"product_brand","embeddable":true,"href":"https:\/\/perrosalfak9.com\/index.php?rest_route=%2Fwp%2Fv2%2Fproduct_brand&post=4566"},{"taxonomy":"product_cat","embeddable":true,"href":"https:\/\/perrosalfak9.com\/index.php?rest_route=%2Fwp%2Fv2%2Fproduct_cat&post=4566"},{"taxonomy":"product_tag","embeddable":true,"href":"https:\/\/perrosalfak9.com\/index.php?rest_route=%2Fwp%2Fv2%2Fproduct_tag&post=4566"}],"curies":[{"name":"wp","href":"https:\/\/api.w.org\/{rel}","templated":true}]}}