{"id":4555,"date":"2021-11-24T04:06:27","date_gmt":"2021-11-24T04:06:27","guid":{"rendered":"https:\/\/perrosalfak9.com\/?post_type=product&#038;p=4555"},"modified":"2021-11-25T22:07:31","modified_gmt":"2021-11-25T22:07:31","slug":"weimerener","status":"publish","type":"product","link":"https:\/\/perrosalfak9.com\/?product=weimerener","title":{"rendered":"Weimerener"},"content":{"rendered":"<p><strong>Los weimaraners son perros de tama\u00f1o grande que pesan entre 25 y 41 kg.<\/strong><\/p>\n<p>El macho mide entre 60 y 70 cm hasta el hombro, mientras que las hembras suelen ser algo m\u00e1s peque\u00f1as. Tienen cuerpos fuertes y aptos para el trabajo, con un perfil aerodin\u00e1mico para correr y una gran resistencia. La cabeza es fuerte y de tipo sabueso con orejas ca\u00eddas. Los Weimaraners suelen madurar al a\u00f1o o dos a\u00f1os de edad, aunque alcanzan su tama\u00f1o completo entre aproximadamente los seis y los ocho meses.<\/p>\n<p>El pelo es corto, suave y liso y se considera de tipo \u00ablavar y listo\u00bb; estos perros necesitan poco m\u00e1s que una r\u00e1pida friega con un cepillo de caucho ovalado. El color es de gris rat\u00f3n a gris plateado, motivo por el cual se apoda a este animal \u00abel fantasma gris\u00bb.<\/p>\n<h3>Convivencia<\/h3>\n<p>Los weimaraners necesitan mucha interacci\u00f3n con las personas. Toleran bien a otros perros si est\u00e1n debidamente socializados. Otras mascotas, como gatos, roedores, p\u00e1jaros o reptiles, deben alejarse del alcance de los weimaraners; dada la herencia en cacer\u00edas de esta raza, podr\u00edan matar a estos animales.<\/p>\n<p>Esta raza es ideal para propietarios que quieran un perro activo y grande para cacer\u00eda, excursionismo y otras actividades de exterior. Pueden ser buenos perros de guarda. A los Weimaraners no les va bien estar largos per\u00edodos de tiempo solos. Pueden ladrar en exceso o intentar escapar si est\u00e1n solos muchas horas. Tienen tendencia a morder de forma destructiva.<\/p>\n<p>Viven normalmente entre 10 y 15 a\u00f1os.<\/p>\n<h3>Historia<\/h3>\n<p>El weimaraner apareci\u00f3 a principios del siglo XIX. Estos perros pertenec\u00edan a los arist\u00f3cratas de Weimar, que criaban Pointers Weimar para la caza mayor. El perro de San Huberto podr\u00eda ser un antecesor o pariente del weimaraner. Independientemente de su origen, los arist\u00f3cratas restringieron la propiedad del Weimaraner a los miembros del club alem\u00e1n de Weimaraners. Se desarroll\u00f3 posteriormente como perdiguero cuando la caza mayor perdi\u00f3 popularidad en Alemania.<\/p>\n<p>Howard Knight, un deportista estadounidense y criador de perros, introdujo dos ejemplares de esta raza en los Estados Unidos en 1929. Incluso antes del reconocimiento del AKC, el weimaraner obten\u00eda excelentes resultados en las pruebas de obediencia, lo que suscitaba el inter\u00e9s de los aficionados caninos. El American Kennel Club (AKC) reconoci\u00f3 al weimaraner en 1943.<\/p>\n<p>Esta raza destaca en cacer\u00eda, y es miembro del grupo deportivo. Esta raza es una compa\u00f1era activa y encantadora.<\/p>\n<p>&nbsp;<\/p>\n<p><strong>Informaci\u00f3n obtenida de:\u00a0<\/strong><a href=\"https:\/\/www.hillspet.es\/dog-care\/dog-breeds\/weimaraner\">https:\/\/www.hillspet.es\/dog-care\/dog-breeds\/weimaraner<\/a><\/p>\n","protected":false},"excerpt":{"rendered":"<p>Los weimaraners son perros activos que necesitan gran cantidad de actividad f\u00edsica dado su historial en la cacer\u00eda. Aunque son perros de cacer\u00eda, no est\u00e1n a gusto durmiendo en una caseta y prefieren estar con sus propietarios. Son muy inteligentes y necesitan actividades que los mantengan ocupados para evitar comportamientos destructivos como morder y excavar. Deben tenerse en un gran patio vallado para que no escapen.<\/p>\n","protected":false},"featured_media":4501,"comment_status":"open","ping_status":"closed","template":"","meta":{"site-sidebar-layout":"default","site-content-layout":"default","ast-site-content-layout":"","site-content-style":"default","site-sidebar-style":"default","ast-global-header-display":"","ast-banner-title-visibility":"","ast-main-header-display":"","ast-hfb-above-header-display":"","ast-hfb-below-header-display":"","ast-hfb-mobile-header-display":"","site-post-title":"","ast-breadcrumbs-content":"","ast-featured-img":"","footer-sml-layout":"","theme-transparent-header-meta":"default","adv-header-id-meta":"","stick-header-meta":"","header-above-stick-meta":"","header-main-stick-meta":"","header-below-stick-meta":"","astra-migrate-meta-layouts":"default","ast-page-background-enabled":"default","ast-page-background-meta":{"desktop":{"background-color":"","background-image":"","background-repeat":"repeat","background-position":"center center","background-size":"auto","background-attachment":"scroll","background-type":"","background-media":"","overlay-type":"","overlay-color":"","overlay-opacity":"","overlay-gradient":""},"tablet":{"background-color":"","background-image":"","background-repeat":"repeat","background-position":"center center","background-size":"auto","background-attachment":"scroll","background-type":"","background-media":"","overlay-type":"","overlay-color":"","overlay-opacity":"","overlay-gradient":""},"mobile":{"background-color":"","background-image":"","background-repeat":"repeat","background-position":"center center","background-size":"auto","background-attachment":"scroll","background-type":"","background-media":"","overlay-type":"","overlay-color":"","overlay-opacity":"","overlay-gradient":""}},"ast-content-background-meta":{"desktop":{"background-color":"var(--ast-global-color-5)","background-image":"","background-repeat":"repeat","background-position":"center center","background-size":"auto","background-attachment":"scroll","background-type":"","background-media":"","overlay-type":"","overlay-color":"","overlay-opacity":"","overlay-gradient":""},"tablet":{"background-color":"var(--ast-global-color-5)","background-image":"","background-repeat":"repeat","background-position":"center center","background-size":"auto","background-attachment":"scroll","background-type":"","background-media":"","overlay-type":"","overlay-color":"","overlay-opacity":"","overlay-gradient":""},"mobile":{"background-color":"var(--ast-global-color-5)","background-image":"","background-repeat":"repeat","background-position":"center center","background-size":"auto","background-attachment":"scroll","background-type":"","background-media":"","overlay-type":"","overlay-color":"","overlay-opacity":"","overlay-gradient":""}}},"product_brand":[],"product_cat":[15],"product_tag":[],"class_list":{"0":"post-4555","1":"product","2":"type-product","3":"status-publish","4":"has-post-thumbnail","6":"product_cat-sin-categorizar","7":"desktop-align-center","8":"tablet-align-center","9":"mobile-align-center","11":"first","12":"instock","13":"shipping-taxable","14":"purchasable","15":"product-type-simple"},"yoast_head":"<!-- This site is optimized with the Yoast SEO plugin v25.7 - https:\/\/yoast.com\/wordpress\/plugins\/seo\/ -->\n<title>Weimerener &#8211; Todo sobre perros en ALFA K9<\/title>\n<meta name=\"robots\" content=\"index, follow, max-snippet:-1, max-image-preview:large, max-video-preview:-1\" \/>\n<link rel=\"canonical\" href=\"https:\/\/perrosalfak9.com\/?product=weimerener\" \/>\n<meta property=\"og:locale\" content=\"es_ES\" \/>\n<meta property=\"og:type\" content=\"article\" \/>\n<meta property=\"og:title\" content=\"Weimerener &#8211; Todo sobre perros en ALFA K9\" \/>\n<meta property=\"og:description\" content=\"Los weimaraners son perros activos que necesitan gran cantidad de actividad f\u00edsica dado su historial en la cacer\u00eda. Aunque son perros de cacer\u00eda, no est\u00e1n a gusto durmiendo en una caseta y prefieren estar con sus propietarios. Son muy inteligentes y necesitan actividades que los mantengan ocupados para evitar comportamientos destructivos como morder y excavar. Deben tenerse en un gran patio vallado para que no escapen.\" \/>\n<meta property=\"og:url\" content=\"https:\/\/perrosalfak9.com\/?product=weimerener\" \/>\n<meta property=\"og:site_name\" content=\"Todo sobre perros en ALFA K9\" \/>\n<meta property=\"article:publisher\" content=\"https:\/\/www.facebook.com\/erick.quiroschaves\" \/>\n<meta property=\"article:modified_time\" content=\"2021-11-25T22:07:31+00:00\" \/>\n<meta property=\"og:image\" content=\"https:\/\/perrosalfak9.com\/wp-content\/uploads\/2021\/11\/Weimerener-3.jpg\" \/>\n\t<meta property=\"og:image:width\" content=\"450\" \/>\n\t<meta property=\"og:image:height\" content=\"800\" \/>\n\t<meta property=\"og:image:type\" content=\"image\/jpeg\" \/>\n<meta name=\"twitter:card\" content=\"summary_large_image\" \/>\n<meta name=\"twitter:label1\" content=\"Tiempo de lectura\" \/>\n\t<meta name=\"twitter:data1\" content=\"2 minutos\" \/>\n<script type=\"application\/ld+json\" class=\"yoast-schema-graph\">{\"@context\":\"https:\/\/schema.org\",\"@graph\":[{\"@type\":\"WebPage\",\"@id\":\"https:\/\/perrosalfak9.com\/?product=weimerener\",\"url\":\"https:\/\/perrosalfak9.com\/?product=weimerener\",\"name\":\"Weimerener &#8211; Todo sobre perros en ALFA K9\",\"isPartOf\":{\"@id\":\"https:\/\/perrosalfak9.com\/#website\"},\"primaryImageOfPage\":{\"@id\":\"https:\/\/perrosalfak9.com\/?product=weimerener#primaryimage\"},\"image\":{\"@id\":\"https:\/\/perrosalfak9.com\/?product=weimerener#primaryimage\"},\"thumbnailUrl\":\"https:\/\/perrosalfak9.com\/wp-content\/uploads\/2021\/11\/Weimerener-3.jpg\",\"datePublished\":\"2021-11-24T04:06:27+00:00\",\"dateModified\":\"2021-11-25T22:07:31+00:00\",\"breadcrumb\":{\"@id\":\"https:\/\/perrosalfak9.com\/?product=weimerener#breadcrumb\"},\"inLanguage\":\"es\",\"potentialAction\":[{\"@type\":\"ReadAction\",\"target\":[\"https:\/\/perrosalfak9.com\/?product=weimerener\"]}]},{\"@type\":\"ImageObject\",\"inLanguage\":\"es\",\"@id\":\"https:\/\/perrosalfak9.com\/?product=weimerener#primaryimage\",\"url\":\"https:\/\/perrosalfak9.com\/wp-content\/uploads\/2021\/11\/Weimerener-3.jpg\",\"contentUrl\":\"https:\/\/perrosalfak9.com\/wp-content\/uploads\/2021\/11\/Weimerener-3.jpg\",\"width\":450,\"height\":800},{\"@type\":\"BreadcrumbList\",\"@id\":\"https:\/\/perrosalfak9.com\/?product=weimerener#breadcrumb\",\"itemListElement\":[{\"@type\":\"ListItem\",\"position\":1,\"name\":\"Portada\",\"item\":\"https:\/\/perrosalfak9.com\/\"},{\"@type\":\"ListItem\",\"position\":2,\"name\":\"Cachorros Disponibles\",\"item\":\"https:\/\/perrosalfak9.com\/?page_id=401\"},{\"@type\":\"ListItem\",\"position\":3,\"name\":\"Weimerener\"}]},{\"@type\":\"WebSite\",\"@id\":\"https:\/\/perrosalfak9.com\/#website\",\"url\":\"https:\/\/perrosalfak9.com\/\",\"name\":\"Todo sobre perros en ALFA K9\",\"description\":\"\",\"publisher\":{\"@id\":\"https:\/\/perrosalfak9.com\/#organization\"},\"potentialAction\":[{\"@type\":\"SearchAction\",\"target\":{\"@type\":\"EntryPoint\",\"urlTemplate\":\"https:\/\/perrosalfak9.com\/?s={search_term_string}\"},\"query-input\":{\"@type\":\"PropertyValueSpecification\",\"valueRequired\":true,\"valueName\":\"search_term_string\"}}],\"inLanguage\":\"es\"},{\"@type\":\"Organization\",\"@id\":\"https:\/\/perrosalfak9.com\/#organization\",\"name\":\"Todo sobre perros en Alfa K9\",\"url\":\"https:\/\/perrosalfak9.com\/\",\"logo\":{\"@type\":\"ImageObject\",\"inLanguage\":\"es\",\"@id\":\"https:\/\/perrosalfak9.com\/#\/schema\/logo\/image\/\",\"url\":\"https:\/\/perrosalfak9.com\/wp-content\/uploads\/2021\/11\/cropped-cropped-Logo-Alfa-K-9.jpeg\",\"contentUrl\":\"https:\/\/perrosalfak9.com\/wp-content\/uploads\/2021\/11\/cropped-cropped-Logo-Alfa-K-9.jpeg\",\"width\":512,\"height\":512,\"caption\":\"Todo sobre perros en Alfa K9\"},\"image\":{\"@id\":\"https:\/\/perrosalfak9.com\/#\/schema\/logo\/image\/\"},\"sameAs\":[\"https:\/\/www.facebook.com\/erick.quiroschaves\",\"https:\/\/www.instagram.com\/todosobreperrosenalfa\/\",\"https:\/\/www.youtube.com\/user\/alfak9sa\/featured\"]}]}<\/script>\n<!-- \/ Yoast SEO plugin. -->","yoast_head_json":{"title":"Weimerener &#8211; Todo sobre perros en ALFA K9","robots":{"index":"index","follow":"follow","max-snippet":"max-snippet:-1","max-image-preview":"max-image-preview:large","max-video-preview":"max-video-preview:-1"},"canonical":"https:\/\/perrosalfak9.com\/?product=weimerener","og_locale":"es_ES","og_type":"article","og_title":"Weimerener &#8211; Todo sobre perros en ALFA K9","og_description":"Los weimaraners son perros activos que necesitan gran cantidad de actividad f\u00edsica dado su historial en la cacer\u00eda. Aunque son perros de cacer\u00eda, no est\u00e1n a gusto durmiendo en una caseta y prefieren estar con sus propietarios. Son muy inteligentes y necesitan actividades que los mantengan ocupados para evitar comportamientos destructivos como morder y excavar. Deben tenerse en un gran patio vallado para que no escapen.","og_url":"https:\/\/perrosalfak9.com\/?product=weimerener","og_site_name":"Todo sobre perros en ALFA K9","article_publisher":"https:\/\/www.facebook.com\/erick.quiroschaves","article_modified_time":"2021-11-25T22:07:31+00:00","og_image":[{"width":450,"height":800,"url":"https:\/\/perrosalfak9.com\/wp-content\/uploads\/2021\/11\/Weimerener-3.jpg","type":"image\/jpeg"}],"twitter_card":"summary_large_image","twitter_misc":{"Tiempo de lectura":"2 minutos"},"schema":{"@context":"https:\/\/schema.org","@graph":[{"@type":"WebPage","@id":"https:\/\/perrosalfak9.com\/?product=weimerener","url":"https:\/\/perrosalfak9.com\/?product=weimerener","name":"Weimerener &#8211; Todo sobre perros en ALFA K9","isPartOf":{"@id":"https:\/\/perrosalfak9.com\/#website"},"primaryImageOfPage":{"@id":"https:\/\/perrosalfak9.com\/?product=weimerener#primaryimage"},"image":{"@id":"https:\/\/perrosalfak9.com\/?product=weimerener#primaryimage"},"thumbnailUrl":"https:\/\/perrosalfak9.com\/wp-content\/uploads\/2021\/11\/Weimerener-3.jpg","datePublished":"2021-11-24T04:06:27+00:00","dateModified":"2021-11-25T22:07:31+00:00","breadcrumb":{"@id":"https:\/\/perrosalfak9.com\/?product=weimerener#breadcrumb"},"inLanguage":"es","potentialAction":[{"@type":"ReadAction","target":["https:\/\/perrosalfak9.com\/?product=weimerener"]}]},{"@type":"ImageObject","inLanguage":"es","@id":"https:\/\/perrosalfak9.com\/?product=weimerener#primaryimage","url":"https:\/\/perrosalfak9.com\/wp-content\/uploads\/2021\/11\/Weimerener-3.jpg","contentUrl":"https:\/\/perrosalfak9.com\/wp-content\/uploads\/2021\/11\/Weimerener-3.jpg","width":450,"height":800},{"@type":"BreadcrumbList","@id":"https:\/\/perrosalfak9.com\/?product=weimerener#breadcrumb","itemListElement":[{"@type":"ListItem","position":1,"name":"Portada","item":"https:\/\/perrosalfak9.com\/"},{"@type":"ListItem","position":2,"name":"Cachorros Disponibles","item":"https:\/\/perrosalfak9.com\/?page_id=401"},{"@type":"ListItem","position":3,"name":"Weimerener"}]},{"@type":"WebSite","@id":"https:\/\/perrosalfak9.com\/#website","url":"https:\/\/perrosalfak9.com\/","name":"Todo sobre perros en ALFA K9","description":"","publisher":{"@id":"https:\/\/perrosalfak9.com\/#organization"},"potentialAction":[{"@type":"SearchAction","target":{"@type":"EntryPoint","urlTemplate":"https:\/\/perrosalfak9.com\/?s={search_term_string}"},"query-input":{"@type":"PropertyValueSpecification","valueRequired":true,"valueName":"search_term_string"}}],"inLanguage":"es"},{"@type":"Organization","@id":"https:\/\/perrosalfak9.com\/#organization","name":"Todo sobre perros en Alfa K9","url":"https:\/\/perrosalfak9.com\/","logo":{"@type":"ImageObject","inLanguage":"es","@id":"https:\/\/perrosalfak9.com\/#\/schema\/logo\/image\/","url":"https:\/\/perrosalfak9.com\/wp-content\/uploads\/2021\/11\/cropped-cropped-Logo-Alfa-K-9.jpeg","contentUrl":"https:\/\/perrosalfak9.com\/wp-content\/uploads\/2021\/11\/cropped-cropped-Logo-Alfa-K-9.jpeg","width":512,"height":512,"caption":"Todo sobre perros en Alfa K9"},"image":{"@id":"https:\/\/perrosalfak9.com\/#\/schema\/logo\/image\/"},"sameAs":["https:\/\/www.facebook.com\/erick.quiroschaves","https:\/\/www.instagram.com\/todosobreperrosenalfa\/","https:\/\/www.youtube.com\/user\/alfak9sa\/featured"]}]}},"_links":{"self":[{"href":"https:\/\/perrosalfak9.com\/index.php?rest_route=\/wp\/v2\/product\/4555","targetHints":{"allow":["GET"]}}],"collection":[{"href":"https:\/\/perrosalfak9.com\/index.php?rest_route=\/wp\/v2\/product"}],"about":[{"href":"https:\/\/perrosalfak9.com\/index.php?rest_route=\/wp\/v2\/types\/product"}],"replies":[{"embeddable":true,"href":"https:\/\/perrosalfak9.com\/index.php?rest_route=%2Fwp%2Fv2%2Fcomments&post=4555"}],"wp:featuredmedia":[{"embeddable":true,"href":"https:\/\/perrosalfak9.com\/index.php?rest_route=\/wp\/v2\/media\/4501"}],"wp:attachment":[{"href":"https:\/\/perrosalfak9.com\/index.php?rest_route=%2Fwp%2Fv2%2Fmedia&parent=4555"}],"wp:term":[{"taxonomy":"product_brand","embeddable":true,"href":"https:\/\/perrosalfak9.com\/index.php?rest_route=%2Fwp%2Fv2%2Fproduct_brand&post=4555"},{"taxonomy":"product_cat","embeddable":true,"href":"https:\/\/perrosalfak9.com\/index.php?rest_route=%2Fwp%2Fv2%2Fproduct_cat&post=4555"},{"taxonomy":"product_tag","embeddable":true,"href":"https:\/\/perrosalfak9.com\/index.php?rest_route=%2Fwp%2Fv2%2Fproduct_tag&post=4555"}],"curies":[{"name":"wp","href":"https:\/\/api.w.org\/{rel}","templated":true}]}}