{"id":4527,"date":"2021-11-19T14:47:17","date_gmt":"2021-11-19T14:47:17","guid":{"rendered":"https:\/\/perrosalfak9.com\/?post_type=product&#038;p=4527"},"modified":"2026-01-26T20:37:40","modified_gmt":"2026-01-26T20:37:40","slug":"doberman","status":"publish","type":"product","link":"https:\/\/perrosalfak9.com\/?product=doberman","title":{"rendered":"Doberman"},"content":{"rendered":"<p><strong>Los machos miden unos 60 cm y pesan unos 32 kg, mientras que las hembras son algo m\u00e1s peque\u00f1as.<\/strong><\/p>\n<p>El d\u00f3berman tiene una cabeza alargada y esbelta y un cuerpo musculoso. Se les suelen cortar las orejas para que se mantengan erguidas, y la cola suele amputarse para que quede corta.<\/p>\n<p>Tiene un pelo corto, liso y brillante que es negro, rojo oscuro, azul o leonado con marcas de color \u00f3xido en la cara, cuerpo y cola. La muda de este perro, que requiere muy poco aseo, es media. Los d\u00f3berman viven aproximadamente entre 10 y 12 a\u00f1os.<\/p>\n<h3>Convivencia<\/h3>\n<p>Los d\u00f3berman son perros fuertes y en\u00e9rgicos que necesitan practicar mucho ejercicio. Si no lo practican, tienen m\u00e1s probabilidades de volverse irritables o incluso agresivos. Pueden adaptarse bien a la vida en un piso si practican ejercicio a diario.<\/p>\n<p>Una cuidadosa socializaci\u00f3n y adiestramiento en obediencia desde muy j\u00f3venes son esenciales para esta raza. Los d\u00f3berman responden muy bien al refuerzo positivo.<\/p>\n<p>No se necesita ning\u00fan adiestramiento en protecci\u00f3n especial para quien quiera un buen protector familiar. De hecho, los expertos en d\u00f3berman suelen desaconsejar el adiestramiento en protecci\u00f3n, ya que podr\u00eda dar derivar en sobreprotecci\u00f3n y agresi\u00f3n.<\/p>\n<h3>Historia<\/h3>\n<p>Se atribuye el desarrollo de esta raza, a finales del siglo XIX, a un alem\u00e1n llamado Louis Dobermann, un recaudador de impuestos que quer\u00eda un fiero perro guardi\u00e1n para que le acompa\u00f1ase en sus visitas. Dobermann tambi\u00e9n llevaba la perrera local, donde ten\u00eda acceso a muchos animales extraviados.<\/p>\n<p>Nadie lo sabe con seguridad, pero se cree que Dobermann cruz\u00f3 muchas razas para obtener el d\u00f3berman. Algunas de las razas que podr\u00eda haber utilizado son el rottweiler, el pinscher alem\u00e1n, el gran dan\u00e9s, el pastor alem\u00e1n, el Manchester terrier, el galgo ingl\u00e9s y el pastor de pelo corto.<\/p>\n<p>Aunque inicialmente se criaban y se siguen utilizando en todo el mundo como perros guardianes, los d\u00f3berman tambi\u00e9n han sido perros polic\u00eda y militares, perros de rescate y perros para terapias.<\/p>\n<p><strong>Informaci\u00f3n obtenida de:\u00a0<\/strong><a href=\"https:\/\/www.hillspet.es\/dog-care\/dog-breeds\/doberman\">https:\/\/www.hillspet.es\/dog-care\/dog-breeds\/doberman<\/a><\/p>\n","protected":false},"excerpt":{"rendered":"<p>Los d\u00f3berman est\u00e1n considerados perros atentos, cari\u00f1osos y dulces con la gente, siempre que se socialicen y adiestren adecuadamente. Son fieles a sus propietarios y se llevan bien con los ni\u00f1os si crecen juntos; sin embargo, algunos d\u00f3berman se apegan solo a una persona.<\/p>\n","protected":false},"featured_media":4528,"comment_status":"open","ping_status":"closed","template":"","meta":{"site-sidebar-layout":"default","site-content-layout":"default","ast-site-content-layout":"","site-content-style":"default","site-sidebar-style":"default","ast-global-header-display":"","ast-banner-title-visibility":"","ast-main-header-display":"","ast-hfb-above-header-display":"","ast-hfb-below-header-display":"","ast-hfb-mobile-header-display":"","site-post-title":"","ast-breadcrumbs-content":"","ast-featured-img":"","footer-sml-layout":"","theme-transparent-header-meta":"default","adv-header-id-meta":"","stick-header-meta":"","header-above-stick-meta":"","header-main-stick-meta":"","header-below-stick-meta":"","astra-migrate-meta-layouts":"default","ast-page-background-enabled":"default","ast-page-background-meta":{"desktop":{"background-color":"","background-image":"","background-repeat":"repeat","background-position":"center center","background-size":"auto","background-attachment":"scroll","background-type":"","background-media":"","overlay-type":"","overlay-color":"","overlay-opacity":"","overlay-gradient":""},"tablet":{"background-color":"","background-image":"","background-repeat":"repeat","background-position":"center center","background-size":"auto","background-attachment":"scroll","background-type":"","background-media":"","overlay-type":"","overlay-color":"","overlay-opacity":"","overlay-gradient":""},"mobile":{"background-color":"","background-image":"","background-repeat":"repeat","background-position":"center center","background-size":"auto","background-attachment":"scroll","background-type":"","background-media":"","overlay-type":"","overlay-color":"","overlay-opacity":"","overlay-gradient":""}},"ast-content-background-meta":{"desktop":{"background-color":"var(--ast-global-color-5)","background-image":"","background-repeat":"repeat","background-position":"center center","background-size":"auto","background-attachment":"scroll","background-type":"","background-media":"","overlay-type":"","overlay-color":"","overlay-opacity":"","overlay-gradient":""},"tablet":{"background-color":"var(--ast-global-color-5)","background-image":"","background-repeat":"repeat","background-position":"center center","background-size":"auto","background-attachment":"scroll","background-type":"","background-media":"","overlay-type":"","overlay-color":"","overlay-opacity":"","overlay-gradient":""},"mobile":{"background-color":"var(--ast-global-color-5)","background-image":"","background-repeat":"repeat","background-position":"center center","background-size":"auto","background-attachment":"scroll","background-type":"","background-media":"","overlay-type":"","overlay-color":"","overlay-opacity":"","overlay-gradient":""}}},"product_brand":[],"product_cat":[15],"product_tag":[],"class_list":{"0":"post-4527","1":"product","2":"type-product","3":"status-publish","4":"has-post-thumbnail","6":"product_cat-sin-categorizar","7":"desktop-align-center","8":"tablet-align-center","9":"mobile-align-center","11":"first","12":"instock","13":"sold-individually","14":"shipping-taxable","15":"purchasable","16":"product-type-simple"},"yoast_head":"<!-- This site is optimized with the Yoast SEO plugin v25.7 - https:\/\/yoast.com\/wordpress\/plugins\/seo\/ -->\n<title>Doberman &#8211; Todo sobre perros en ALFA K9<\/title>\n<meta name=\"robots\" content=\"index, follow, max-snippet:-1, max-image-preview:large, max-video-preview:-1\" \/>\n<link rel=\"canonical\" href=\"https:\/\/perrosalfak9.com\/?product=doberman\" \/>\n<meta property=\"og:locale\" content=\"es_ES\" \/>\n<meta property=\"og:type\" content=\"article\" \/>\n<meta property=\"og:title\" content=\"Doberman &#8211; Todo sobre perros en ALFA K9\" \/>\n<meta property=\"og:description\" content=\"Los d\u00f3berman est\u00e1n considerados perros atentos, cari\u00f1osos y dulces con la gente, siempre que se socialicen y adiestren adecuadamente. Son fieles a sus propietarios y se llevan bien con los ni\u00f1os si crecen juntos; sin embargo, algunos d\u00f3berman se apegan solo a una persona.\" \/>\n<meta property=\"og:url\" content=\"https:\/\/perrosalfak9.com\/?product=doberman\" \/>\n<meta property=\"og:site_name\" content=\"Todo sobre perros en ALFA K9\" \/>\n<meta property=\"article:publisher\" content=\"https:\/\/www.facebook.com\/erick.quiroschaves\" \/>\n<meta property=\"article:modified_time\" content=\"2026-01-26T20:37:40+00:00\" \/>\n<meta property=\"og:image\" content=\"https:\/\/perrosalfak9.com\/wp-content\/uploads\/2021\/11\/1.jpeg\" \/>\n\t<meta property=\"og:image:width\" content=\"459\" \/>\n\t<meta property=\"og:image:height\" content=\"1020\" \/>\n\t<meta property=\"og:image:type\" content=\"image\/jpeg\" \/>\n<meta name=\"twitter:card\" content=\"summary_large_image\" \/>\n<meta name=\"twitter:label1\" content=\"Tiempo de lectura\" \/>\n\t<meta name=\"twitter:data1\" content=\"2 minutos\" \/>\n<script type=\"application\/ld+json\" class=\"yoast-schema-graph\">{\"@context\":\"https:\/\/schema.org\",\"@graph\":[{\"@type\":\"WebPage\",\"@id\":\"https:\/\/perrosalfak9.com\/?product=doberman\",\"url\":\"https:\/\/perrosalfak9.com\/?product=doberman\",\"name\":\"Doberman &#8211; Todo sobre perros en ALFA K9\",\"isPartOf\":{\"@id\":\"https:\/\/perrosalfak9.com\/#website\"},\"primaryImageOfPage\":{\"@id\":\"https:\/\/perrosalfak9.com\/?product=doberman#primaryimage\"},\"image\":{\"@id\":\"https:\/\/perrosalfak9.com\/?product=doberman#primaryimage\"},\"thumbnailUrl\":\"https:\/\/perrosalfak9.com\/wp-content\/uploads\/2021\/11\/1.jpeg\",\"datePublished\":\"2021-11-19T14:47:17+00:00\",\"dateModified\":\"2026-01-26T20:37:40+00:00\",\"breadcrumb\":{\"@id\":\"https:\/\/perrosalfak9.com\/?product=doberman#breadcrumb\"},\"inLanguage\":\"es\",\"potentialAction\":[{\"@type\":\"ReadAction\",\"target\":[\"https:\/\/perrosalfak9.com\/?product=doberman\"]}]},{\"@type\":\"ImageObject\",\"inLanguage\":\"es\",\"@id\":\"https:\/\/perrosalfak9.com\/?product=doberman#primaryimage\",\"url\":\"https:\/\/perrosalfak9.com\/wp-content\/uploads\/2021\/11\/1.jpeg\",\"contentUrl\":\"https:\/\/perrosalfak9.com\/wp-content\/uploads\/2021\/11\/1.jpeg\",\"width\":459,\"height\":1020},{\"@type\":\"BreadcrumbList\",\"@id\":\"https:\/\/perrosalfak9.com\/?product=doberman#breadcrumb\",\"itemListElement\":[{\"@type\":\"ListItem\",\"position\":1,\"name\":\"Portada\",\"item\":\"https:\/\/perrosalfak9.com\/\"},{\"@type\":\"ListItem\",\"position\":2,\"name\":\"Cachorros Disponibles\",\"item\":\"https:\/\/perrosalfak9.com\/?page_id=401\"},{\"@type\":\"ListItem\",\"position\":3,\"name\":\"Doberman\"}]},{\"@type\":\"WebSite\",\"@id\":\"https:\/\/perrosalfak9.com\/#website\",\"url\":\"https:\/\/perrosalfak9.com\/\",\"name\":\"Todo sobre perros en ALFA K9\",\"description\":\"\",\"publisher\":{\"@id\":\"https:\/\/perrosalfak9.com\/#organization\"},\"potentialAction\":[{\"@type\":\"SearchAction\",\"target\":{\"@type\":\"EntryPoint\",\"urlTemplate\":\"https:\/\/perrosalfak9.com\/?s={search_term_string}\"},\"query-input\":{\"@type\":\"PropertyValueSpecification\",\"valueRequired\":true,\"valueName\":\"search_term_string\"}}],\"inLanguage\":\"es\"},{\"@type\":\"Organization\",\"@id\":\"https:\/\/perrosalfak9.com\/#organization\",\"name\":\"Todo sobre perros en Alfa K9\",\"url\":\"https:\/\/perrosalfak9.com\/\",\"logo\":{\"@type\":\"ImageObject\",\"inLanguage\":\"es\",\"@id\":\"https:\/\/perrosalfak9.com\/#\/schema\/logo\/image\/\",\"url\":\"https:\/\/perrosalfak9.com\/wp-content\/uploads\/2021\/11\/cropped-cropped-Logo-Alfa-K-9.jpeg\",\"contentUrl\":\"https:\/\/perrosalfak9.com\/wp-content\/uploads\/2021\/11\/cropped-cropped-Logo-Alfa-K-9.jpeg\",\"width\":512,\"height\":512,\"caption\":\"Todo sobre perros en Alfa K9\"},\"image\":{\"@id\":\"https:\/\/perrosalfak9.com\/#\/schema\/logo\/image\/\"},\"sameAs\":[\"https:\/\/www.facebook.com\/erick.quiroschaves\",\"https:\/\/www.instagram.com\/todosobreperrosenalfa\/\",\"https:\/\/www.youtube.com\/user\/alfak9sa\/featured\"]}]}<\/script>\n<!-- \/ Yoast SEO plugin. -->","yoast_head_json":{"title":"Doberman &#8211; Todo sobre perros en ALFA K9","robots":{"index":"index","follow":"follow","max-snippet":"max-snippet:-1","max-image-preview":"max-image-preview:large","max-video-preview":"max-video-preview:-1"},"canonical":"https:\/\/perrosalfak9.com\/?product=doberman","og_locale":"es_ES","og_type":"article","og_title":"Doberman &#8211; Todo sobre perros en ALFA K9","og_description":"Los d\u00f3berman est\u00e1n considerados perros atentos, cari\u00f1osos y dulces con la gente, siempre que se socialicen y adiestren adecuadamente. Son fieles a sus propietarios y se llevan bien con los ni\u00f1os si crecen juntos; sin embargo, algunos d\u00f3berman se apegan solo a una persona.","og_url":"https:\/\/perrosalfak9.com\/?product=doberman","og_site_name":"Todo sobre perros en ALFA K9","article_publisher":"https:\/\/www.facebook.com\/erick.quiroschaves","article_modified_time":"2026-01-26T20:37:40+00:00","og_image":[{"width":459,"height":1020,"url":"https:\/\/perrosalfak9.com\/wp-content\/uploads\/2021\/11\/1.jpeg","type":"image\/jpeg"}],"twitter_card":"summary_large_image","twitter_misc":{"Tiempo de lectura":"2 minutos"},"schema":{"@context":"https:\/\/schema.org","@graph":[{"@type":"WebPage","@id":"https:\/\/perrosalfak9.com\/?product=doberman","url":"https:\/\/perrosalfak9.com\/?product=doberman","name":"Doberman &#8211; Todo sobre perros en ALFA K9","isPartOf":{"@id":"https:\/\/perrosalfak9.com\/#website"},"primaryImageOfPage":{"@id":"https:\/\/perrosalfak9.com\/?product=doberman#primaryimage"},"image":{"@id":"https:\/\/perrosalfak9.com\/?product=doberman#primaryimage"},"thumbnailUrl":"https:\/\/perrosalfak9.com\/wp-content\/uploads\/2021\/11\/1.jpeg","datePublished":"2021-11-19T14:47:17+00:00","dateModified":"2026-01-26T20:37:40+00:00","breadcrumb":{"@id":"https:\/\/perrosalfak9.com\/?product=doberman#breadcrumb"},"inLanguage":"es","potentialAction":[{"@type":"ReadAction","target":["https:\/\/perrosalfak9.com\/?product=doberman"]}]},{"@type":"ImageObject","inLanguage":"es","@id":"https:\/\/perrosalfak9.com\/?product=doberman#primaryimage","url":"https:\/\/perrosalfak9.com\/wp-content\/uploads\/2021\/11\/1.jpeg","contentUrl":"https:\/\/perrosalfak9.com\/wp-content\/uploads\/2021\/11\/1.jpeg","width":459,"height":1020},{"@type":"BreadcrumbList","@id":"https:\/\/perrosalfak9.com\/?product=doberman#breadcrumb","itemListElement":[{"@type":"ListItem","position":1,"name":"Portada","item":"https:\/\/perrosalfak9.com\/"},{"@type":"ListItem","position":2,"name":"Cachorros Disponibles","item":"https:\/\/perrosalfak9.com\/?page_id=401"},{"@type":"ListItem","position":3,"name":"Doberman"}]},{"@type":"WebSite","@id":"https:\/\/perrosalfak9.com\/#website","url":"https:\/\/perrosalfak9.com\/","name":"Todo sobre perros en ALFA K9","description":"","publisher":{"@id":"https:\/\/perrosalfak9.com\/#organization"},"potentialAction":[{"@type":"SearchAction","target":{"@type":"EntryPoint","urlTemplate":"https:\/\/perrosalfak9.com\/?s={search_term_string}"},"query-input":{"@type":"PropertyValueSpecification","valueRequired":true,"valueName":"search_term_string"}}],"inLanguage":"es"},{"@type":"Organization","@id":"https:\/\/perrosalfak9.com\/#organization","name":"Todo sobre perros en Alfa K9","url":"https:\/\/perrosalfak9.com\/","logo":{"@type":"ImageObject","inLanguage":"es","@id":"https:\/\/perrosalfak9.com\/#\/schema\/logo\/image\/","url":"https:\/\/perrosalfak9.com\/wp-content\/uploads\/2021\/11\/cropped-cropped-Logo-Alfa-K-9.jpeg","contentUrl":"https:\/\/perrosalfak9.com\/wp-content\/uploads\/2021\/11\/cropped-cropped-Logo-Alfa-K-9.jpeg","width":512,"height":512,"caption":"Todo sobre perros en Alfa K9"},"image":{"@id":"https:\/\/perrosalfak9.com\/#\/schema\/logo\/image\/"},"sameAs":["https:\/\/www.facebook.com\/erick.quiroschaves","https:\/\/www.instagram.com\/todosobreperrosenalfa\/","https:\/\/www.youtube.com\/user\/alfak9sa\/featured"]}]}},"_links":{"self":[{"href":"https:\/\/perrosalfak9.com\/index.php?rest_route=\/wp\/v2\/product\/4527","targetHints":{"allow":["GET"]}}],"collection":[{"href":"https:\/\/perrosalfak9.com\/index.php?rest_route=\/wp\/v2\/product"}],"about":[{"href":"https:\/\/perrosalfak9.com\/index.php?rest_route=\/wp\/v2\/types\/product"}],"replies":[{"embeddable":true,"href":"https:\/\/perrosalfak9.com\/index.php?rest_route=%2Fwp%2Fv2%2Fcomments&post=4527"}],"wp:featuredmedia":[{"embeddable":true,"href":"https:\/\/perrosalfak9.com\/index.php?rest_route=\/wp\/v2\/media\/4528"}],"wp:attachment":[{"href":"https:\/\/perrosalfak9.com\/index.php?rest_route=%2Fwp%2Fv2%2Fmedia&parent=4527"}],"wp:term":[{"taxonomy":"product_brand","embeddable":true,"href":"https:\/\/perrosalfak9.com\/index.php?rest_route=%2Fwp%2Fv2%2Fproduct_brand&post=4527"},{"taxonomy":"product_cat","embeddable":true,"href":"https:\/\/perrosalfak9.com\/index.php?rest_route=%2Fwp%2Fv2%2Fproduct_cat&post=4527"},{"taxonomy":"product_tag","embeddable":true,"href":"https:\/\/perrosalfak9.com\/index.php?rest_route=%2Fwp%2Fv2%2Fproduct_tag&post=4527"}],"curies":[{"name":"wp","href":"https:\/\/api.w.org\/{rel}","templated":true}]}}