{"id":96,"date":"2018-06-18T06:57:57","date_gmt":"2018-06-18T06:57:57","guid":{"rendered":"https:\/\/perrosalfak9.com\/?page_id=96"},"modified":"2023-11-24T19:30:12","modified_gmt":"2023-11-24T19:30:12","slug":"about","status":"publish","type":"page","link":"https:\/\/perrosalfak9.com\/?page_id=96","title":{"rendered":"Sobre nosotros"},"content":{"rendered":"\t\t<div data-elementor-type=\"wp-post\" data-elementor-id=\"96\" class=\"elementor elementor-96\">\n\t\t\t\t\t\t<section class=\"elementor-section elementor-top-section elementor-element elementor-element-7c3707c elementor-section-boxed elementor-section-height-default elementor-section-height-default\" data-id=\"7c3707c\" data-element_type=\"section\">\n\t\t\t\t\t\t<div class=\"elementor-container elementor-column-gap-default\">\n\t\t\t\t\t<div class=\"elementor-column elementor-col-100 elementor-top-column elementor-element elementor-element-38aa418\" data-id=\"38aa418\" data-element_type=\"column\">\n\t\t\t<div class=\"elementor-widget-wrap elementor-element-populated\">\n\t\t\t\t\t\t<div class=\"elementor-element elementor-element-aea2cf6 elementor-widget elementor-widget-heading\" data-id=\"aea2cf6\" data-element_type=\"widget\" data-widget_type=\"heading.default\">\n\t\t\t\t<div class=\"elementor-widget-container\">\n\t\t\t<h1 class=\"elementor-heading-title elementor-size-default\">Sobre nosotros<\/h1>\t\t<\/div>\n\t\t\t\t<\/div>\n\t\t\t\t\t<\/div>\n\t\t<\/div>\n\t\t\t\t\t<\/div>\n\t\t<\/section>\n\t\t\t\t<section class=\"elementor-section elementor-top-section elementor-element elementor-element-7d33ea6 elementor-section-boxed elementor-section-height-default elementor-section-height-default\" data-id=\"7d33ea6\" data-element_type=\"section\">\n\t\t\t\t\t\t<div class=\"elementor-container elementor-column-gap-default\">\n\t\t\t\t\t<div class=\"elementor-column elementor-col-50 elementor-top-column elementor-element elementor-element-827726c\" data-id=\"827726c\" data-element_type=\"column\" data-settings=\"{&quot;background_background&quot;:&quot;classic&quot;}\">\n\t\t\t<div class=\"elementor-widget-wrap elementor-element-populated\">\n\t\t\t\t\t\t<section class=\"elementor-section elementor-inner-section elementor-element elementor-element-ac995aa elementor-section-full_width elementor-section-content-middle elementor-section-height-default elementor-section-height-default\" data-id=\"ac995aa\" data-element_type=\"section\">\n\t\t\t\t\t\t<div class=\"elementor-container elementor-column-gap-no\">\n\t\t\t\t\t<div class=\"elementor-column elementor-col-100 elementor-inner-column elementor-element elementor-element-7f38b0a\" data-id=\"7f38b0a\" data-element_type=\"column\" data-settings=\"{&quot;background_background&quot;:&quot;classic&quot;}\">\n\t\t\t<div class=\"elementor-widget-wrap elementor-element-populated\">\n\t\t\t\t\t\t<div class=\"elementor-element elementor-element-4e5eb83c elementor-widget elementor-widget-heading\" data-id=\"4e5eb83c\" data-element_type=\"widget\" data-widget_type=\"heading.default\">\n\t\t\t\t<div class=\"elementor-widget-container\">\n\t\t\t<h2 class=\"elementor-heading-title elementor-size-default\">\u00bfQuienes somos?<\/h2>\t\t<\/div>\n\t\t\t\t<\/div>\n\t\t\t\t<div class=\"elementor-element elementor-element-6eccd69 elementor-widget elementor-widget-text-editor\" data-id=\"6eccd69\" data-element_type=\"widget\" data-widget_type=\"text-editor.default\">\n\t\t\t\t<div class=\"elementor-widget-container\">\n\t\t\t\t\t\t\t<h6><em><strong>Somos una empresa originaria de Costa Rica, nuestro objetivo es el adiestramiento y la mejor cultura canina en nuestro pa\u00eds.<\/strong><\/em><\/h6><h6><em><strong>Entrenamos diversas razas, con el mejor y el m\u00e1s delicado cuidado. El especializado y entrenador Erick Quir\u00f3s Chavez ser\u00e1 quien se encargue del entrenamiento de su mascota.<\/strong><\/em><\/h6>\t\t\t\t\t\t<\/div>\n\t\t\t\t<\/div>\n\t\t\t\t<div class=\"elementor-element elementor-element-ffeba14 elementor-widget elementor-widget-video\" data-id=\"ffeba14\" data-element_type=\"widget\" data-settings=\"{&quot;youtube_url&quot;:&quot;https:\\\/\\\/www.youtube.com\\\/watch?v=AAfxAK3EpCU&amp;t=70s&quot;,&quot;autoplay&quot;:&quot;yes&quot;,&quot;video_type&quot;:&quot;youtube&quot;,&quot;controls&quot;:&quot;yes&quot;}\" data-widget_type=\"video.default\">\n\t\t\t\t<div class=\"elementor-widget-container\">\n\t\t\t\t\t<div class=\"elementor-wrapper elementor-open-inline\">\n\t\t\t<div class=\"elementor-video\"><\/div>\t\t<\/div>\n\t\t\t\t<\/div>\n\t\t\t\t<\/div>\n\t\t\t\t\t<\/div>\n\t\t<\/div>\n\t\t\t\t\t<\/div>\n\t\t<\/section>\n\t\t\t\t\t<\/div>\n\t\t<\/div>\n\t\t\t\t<div class=\"elementor-column elementor-col-50 elementor-top-column elementor-element elementor-element-a39a2c4\" data-id=\"a39a2c4\" data-element_type=\"column\" data-settings=\"{&quot;background_background&quot;:&quot;classic&quot;}\">\n\t\t\t<div class=\"elementor-widget-wrap elementor-element-populated\">\n\t\t\t\t\t<div class=\"elementor-background-overlay\"><\/div>\n\t\t\t\t\t\t<section class=\"elementor-section elementor-inner-section elementor-element elementor-element-a617108 elementor-section-full_width elementor-section-content-middle elementor-section-height-default elementor-section-height-default\" data-id=\"a617108\" data-element_type=\"section\">\n\t\t\t\t\t\t<div class=\"elementor-container elementor-column-gap-no\">\n\t\t\t\t\t<div class=\"elementor-column elementor-col-100 elementor-inner-column elementor-element elementor-element-f34b2f7\" data-id=\"f34b2f7\" data-element_type=\"column\">\n\t\t\t<div class=\"elementor-widget-wrap elementor-element-populated\">\n\t\t\t\t\t\t<div class=\"elementor-element elementor-element-143c1ab elementor-widget elementor-widget-heading\" data-id=\"143c1ab\" data-element_type=\"widget\" data-widget_type=\"heading.default\">\n\t\t\t\t<div class=\"elementor-widget-container\">\n\t\t\t<h4 class=\"elementor-heading-title elementor-size-default\">Curr\u00edculum de instructor canino<\/h4>\t\t<\/div>\n\t\t\t\t<\/div>\n\t\t\t\t<div class=\"elementor-element elementor-element-153a407 elementor-widget elementor-widget-text-editor\" data-id=\"153a407\" data-element_type=\"widget\" data-widget_type=\"text-editor.default\">\n\t\t\t\t<div class=\"elementor-widget-container\">\n\t\t\t\t\t\t\t<p style=\"text-align: left;\"><em><strong>Certificados de Erick Quir\u00f3s Ch\u00e1ves:<\/strong><\/em> <a href=\"https:\/\/drive.google.com\/file\/d\/12fFDfv5BxedyIq9lRWnoGuK8OO3ai7PJ\/view?usp=sharing\" target=\"_blank\" rel=\"noopener\">Certificados_caninos.pdf<\/a><\/p>\t\t\t\t\t\t<\/div>\n\t\t\t\t<\/div>\n\t\t\t\t\t<\/div>\n\t\t<\/div>\n\t\t\t\t\t<\/div>\n\t\t<\/section>\n\t\t\t\t\t<\/div>\n\t\t<\/div>\n\t\t\t\t\t<\/div>\n\t\t<\/section>\n\t\t\t\t<\/div>\n\t\t","protected":false},"excerpt":{"rendered":"<p>Sobre nosotros \u00bfQuienes somos? Somos una empresa originaria de Costa Rica, nuestro objetivo es el adiestramiento y la mejor cultura canina en nuestro pa\u00eds. Entrenamos diversas razas, con el mejor y el m\u00e1s delicado cuidado. El especializado y entrenador Erick Quir\u00f3s Chavez ser\u00e1 quien se encargue del entrenamiento de su mascota. https:\/\/www.youtube.com\/watch?v=AAfxAK3EpCU&#038;t=70s Curr\u00edculum de instructor [&hellip;]<\/p>\n","protected":false},"author":1,"featured_media":0,"parent":0,"menu_order":0,"comment_status":"closed","ping_status":"closed","template":"","meta":{"site-sidebar-layout":"no-sidebar","site-content-layout":"page-builder","ast-site-content-layout":"","site-content-style":"default","site-sidebar-style":"default","ast-global-header-display":"","ast-banner-title-visibility":"","ast-main-header-display":"","ast-hfb-above-header-display":"","ast-hfb-below-header-display":"","ast-hfb-mobile-header-display":"","site-post-title":"disabled","ast-breadcrumbs-content":"","ast-featured-img":"disabled","footer-sml-layout":"","theme-transparent-header-meta":"default","adv-header-id-meta":"","stick-header-meta":"","header-above-stick-meta":"","header-main-stick-meta":"","header-below-stick-meta":"","astra-migrate-meta-layouts":"default","ast-page-background-enabled":"default","ast-page-background-meta":{"desktop":{"background-color":"","background-image":"","background-repeat":"repeat","background-position":"center center","background-size":"auto","background-attachment":"scroll","background-type":"","background-media":"","overlay-type":"","overlay-color":"","overlay-opacity":"","overlay-gradient":""},"tablet":{"background-color":"","background-image":"","background-repeat":"repeat","background-position":"center center","background-size":"auto","background-attachment":"scroll","background-type":"","background-media":"","overlay-type":"","overlay-color":"","overlay-opacity":"","overlay-gradient":""},"mobile":{"background-color":"","background-image":"","background-repeat":"repeat","background-position":"center center","background-size":"auto","background-attachment":"scroll","background-type":"","background-media":"","overlay-type":"","overlay-color":"","overlay-opacity":"","overlay-gradient":""}},"ast-content-background-meta":{"desktop":{"background-color":"var(--ast-global-color-5)","background-image":"","background-repeat":"repeat","background-position":"center center","background-size":"auto","background-attachment":"scroll","background-type":"","background-media":"","overlay-type":"","overlay-color":"","overlay-opacity":"","overlay-gradient":""},"tablet":{"background-color":"var(--ast-global-color-5)","background-image":"","background-repeat":"repeat","background-position":"center center","background-size":"auto","background-attachment":"scroll","background-type":"","background-media":"","overlay-type":"","overlay-color":"","overlay-opacity":"","overlay-gradient":""},"mobile":{"background-color":"var(--ast-global-color-5)","background-image":"","background-repeat":"repeat","background-position":"center center","background-size":"auto","background-attachment":"scroll","background-type":"","background-media":"","overlay-type":"","overlay-color":"","overlay-opacity":"","overlay-gradient":""}},"footnotes":""},"class_list":["post-96","page","type-page","status-publish","hentry"],"yoast_head":"<!-- This site is optimized with the Yoast SEO plugin v25.7 - https:\/\/yoast.com\/wordpress\/plugins\/seo\/ -->\n<title>Sobre nosotros &#8211; Todo sobre perros en ALFA K9<\/title>\n<meta name=\"robots\" content=\"index, follow, max-snippet:-1, max-image-preview:large, max-video-preview:-1\" \/>\n<link rel=\"canonical\" href=\"https:\/\/perrosalfak9.com\/?page_id=96\" \/>\n<meta property=\"og:locale\" content=\"es_ES\" \/>\n<meta property=\"og:type\" content=\"article\" \/>\n<meta property=\"og:title\" content=\"Sobre nosotros &#8211; Todo sobre perros en ALFA K9\" \/>\n<meta property=\"og:description\" content=\"Sobre nosotros \u00bfQuienes somos? Somos una empresa originaria de Costa Rica, nuestro objetivo es el adiestramiento y la mejor cultura canina en nuestro pa\u00eds. Entrenamos diversas razas, con el mejor y el m\u00e1s delicado cuidado. El especializado y entrenador Erick Quir\u00f3s Chavez ser\u00e1 quien se encargue del entrenamiento de su mascota. https:\/\/www.youtube.com\/watch?v=AAfxAK3EpCU&#038;t=70s Curr\u00edculum de instructor [&hellip;]\" \/>\n<meta property=\"og:url\" content=\"https:\/\/perrosalfak9.com\/?page_id=96\" \/>\n<meta property=\"og:site_name\" content=\"Todo sobre perros en ALFA K9\" \/>\n<meta property=\"article:publisher\" content=\"https:\/\/www.facebook.com\/erick.quiroschaves\" \/>\n<meta property=\"article:modified_time\" content=\"2023-11-24T19:30:12+00:00\" \/>\n<meta name=\"twitter:card\" content=\"summary_large_image\" \/>\n<meta name=\"twitter:label1\" content=\"Tiempo de lectura\" \/>\n\t<meta name=\"twitter:data1\" content=\"1 minuto\" \/>\n<script type=\"application\/ld+json\" class=\"yoast-schema-graph\">{\"@context\":\"https:\/\/schema.org\",\"@graph\":[{\"@type\":\"WebPage\",\"@id\":\"https:\/\/perrosalfak9.com\/?page_id=96\",\"url\":\"https:\/\/perrosalfak9.com\/?page_id=96\",\"name\":\"Sobre nosotros &#8211; Todo sobre perros en ALFA K9\",\"isPartOf\":{\"@id\":\"https:\/\/perrosalfak9.com\/#website\"},\"datePublished\":\"2018-06-18T06:57:57+00:00\",\"dateModified\":\"2023-11-24T19:30:12+00:00\",\"breadcrumb\":{\"@id\":\"https:\/\/perrosalfak9.com\/?page_id=96#breadcrumb\"},\"inLanguage\":\"es\",\"potentialAction\":[{\"@type\":\"ReadAction\",\"target\":[\"https:\/\/perrosalfak9.com\/?page_id=96\"]}]},{\"@type\":\"BreadcrumbList\",\"@id\":\"https:\/\/perrosalfak9.com\/?page_id=96#breadcrumb\",\"itemListElement\":[{\"@type\":\"ListItem\",\"position\":1,\"name\":\"Portada\",\"item\":\"https:\/\/perrosalfak9.com\/\"},{\"@type\":\"ListItem\",\"position\":2,\"name\":\"Sobre nosotros\"}]},{\"@type\":\"WebSite\",\"@id\":\"https:\/\/perrosalfak9.com\/#website\",\"url\":\"https:\/\/perrosalfak9.com\/\",\"name\":\"Todo sobre perros en ALFA K9\",\"description\":\"\",\"publisher\":{\"@id\":\"https:\/\/perrosalfak9.com\/#organization\"},\"potentialAction\":[{\"@type\":\"SearchAction\",\"target\":{\"@type\":\"EntryPoint\",\"urlTemplate\":\"https:\/\/perrosalfak9.com\/?s={search_term_string}\"},\"query-input\":{\"@type\":\"PropertyValueSpecification\",\"valueRequired\":true,\"valueName\":\"search_term_string\"}}],\"inLanguage\":\"es\"},{\"@type\":\"Organization\",\"@id\":\"https:\/\/perrosalfak9.com\/#organization\",\"name\":\"Todo sobre perros en Alfa K9\",\"url\":\"https:\/\/perrosalfak9.com\/\",\"logo\":{\"@type\":\"ImageObject\",\"inLanguage\":\"es\",\"@id\":\"https:\/\/perrosalfak9.com\/#\/schema\/logo\/image\/\",\"url\":\"https:\/\/perrosalfak9.com\/wp-content\/uploads\/2021\/11\/cropped-cropped-Logo-Alfa-K-9.jpeg\",\"contentUrl\":\"https:\/\/perrosalfak9.com\/wp-content\/uploads\/2021\/11\/cropped-cropped-Logo-Alfa-K-9.jpeg\",\"width\":512,\"height\":512,\"caption\":\"Todo sobre perros en Alfa K9\"},\"image\":{\"@id\":\"https:\/\/perrosalfak9.com\/#\/schema\/logo\/image\/\"},\"sameAs\":[\"https:\/\/www.facebook.com\/erick.quiroschaves\",\"https:\/\/www.instagram.com\/todosobreperrosenalfa\/\",\"https:\/\/www.youtube.com\/user\/alfak9sa\/featured\"]}]}<\/script>\n<!-- \/ Yoast SEO plugin. -->","yoast_head_json":{"title":"Sobre nosotros &#8211; Todo sobre perros en ALFA K9","robots":{"index":"index","follow":"follow","max-snippet":"max-snippet:-1","max-image-preview":"max-image-preview:large","max-video-preview":"max-video-preview:-1"},"canonical":"https:\/\/perrosalfak9.com\/?page_id=96","og_locale":"es_ES","og_type":"article","og_title":"Sobre nosotros &#8211; Todo sobre perros en ALFA K9","og_description":"Sobre nosotros \u00bfQuienes somos? Somos una empresa originaria de Costa Rica, nuestro objetivo es el adiestramiento y la mejor cultura canina en nuestro pa\u00eds. Entrenamos diversas razas, con el mejor y el m\u00e1s delicado cuidado. El especializado y entrenador Erick Quir\u00f3s Chavez ser\u00e1 quien se encargue del entrenamiento de su mascota. https:\/\/www.youtube.com\/watch?v=AAfxAK3EpCU&#038;t=70s Curr\u00edculum de instructor [&hellip;]","og_url":"https:\/\/perrosalfak9.com\/?page_id=96","og_site_name":"Todo sobre perros en ALFA K9","article_publisher":"https:\/\/www.facebook.com\/erick.quiroschaves","article_modified_time":"2023-11-24T19:30:12+00:00","twitter_card":"summary_large_image","twitter_misc":{"Tiempo de lectura":"1 minuto"},"schema":{"@context":"https:\/\/schema.org","@graph":[{"@type":"WebPage","@id":"https:\/\/perrosalfak9.com\/?page_id=96","url":"https:\/\/perrosalfak9.com\/?page_id=96","name":"Sobre nosotros &#8211; Todo sobre perros en ALFA K9","isPartOf":{"@id":"https:\/\/perrosalfak9.com\/#website"},"datePublished":"2018-06-18T06:57:57+00:00","dateModified":"2023-11-24T19:30:12+00:00","breadcrumb":{"@id":"https:\/\/perrosalfak9.com\/?page_id=96#breadcrumb"},"inLanguage":"es","potentialAction":[{"@type":"ReadAction","target":["https:\/\/perrosalfak9.com\/?page_id=96"]}]},{"@type":"BreadcrumbList","@id":"https:\/\/perrosalfak9.com\/?page_id=96#breadcrumb","itemListElement":[{"@type":"ListItem","position":1,"name":"Portada","item":"https:\/\/perrosalfak9.com\/"},{"@type":"ListItem","position":2,"name":"Sobre nosotros"}]},{"@type":"WebSite","@id":"https:\/\/perrosalfak9.com\/#website","url":"https:\/\/perrosalfak9.com\/","name":"Todo sobre perros en ALFA K9","description":"","publisher":{"@id":"https:\/\/perrosalfak9.com\/#organization"},"potentialAction":[{"@type":"SearchAction","target":{"@type":"EntryPoint","urlTemplate":"https:\/\/perrosalfak9.com\/?s={search_term_string}"},"query-input":{"@type":"PropertyValueSpecification","valueRequired":true,"valueName":"search_term_string"}}],"inLanguage":"es"},{"@type":"Organization","@id":"https:\/\/perrosalfak9.com\/#organization","name":"Todo sobre perros en Alfa K9","url":"https:\/\/perrosalfak9.com\/","logo":{"@type":"ImageObject","inLanguage":"es","@id":"https:\/\/perrosalfak9.com\/#\/schema\/logo\/image\/","url":"https:\/\/perrosalfak9.com\/wp-content\/uploads\/2021\/11\/cropped-cropped-Logo-Alfa-K-9.jpeg","contentUrl":"https:\/\/perrosalfak9.com\/wp-content\/uploads\/2021\/11\/cropped-cropped-Logo-Alfa-K-9.jpeg","width":512,"height":512,"caption":"Todo sobre perros en Alfa K9"},"image":{"@id":"https:\/\/perrosalfak9.com\/#\/schema\/logo\/image\/"},"sameAs":["https:\/\/www.facebook.com\/erick.quiroschaves","https:\/\/www.instagram.com\/todosobreperrosenalfa\/","https:\/\/www.youtube.com\/user\/alfak9sa\/featured"]}]}},"_links":{"self":[{"href":"https:\/\/perrosalfak9.com\/index.php?rest_route=\/wp\/v2\/pages\/96","targetHints":{"allow":["GET"]}}],"collection":[{"href":"https:\/\/perrosalfak9.com\/index.php?rest_route=\/wp\/v2\/pages"}],"about":[{"href":"https:\/\/perrosalfak9.com\/index.php?rest_route=\/wp\/v2\/types\/page"}],"author":[{"embeddable":true,"href":"https:\/\/perrosalfak9.com\/index.php?rest_route=\/wp\/v2\/users\/1"}],"replies":[{"embeddable":true,"href":"https:\/\/perrosalfak9.com\/index.php?rest_route=%2Fwp%2Fv2%2Fcomments&post=96"}],"version-history":[{"count":52,"href":"https:\/\/perrosalfak9.com\/index.php?rest_route=\/wp\/v2\/pages\/96\/revisions"}],"predecessor-version":[{"id":4909,"href":"https:\/\/perrosalfak9.com\/index.php?rest_route=\/wp\/v2\/pages\/96\/revisions\/4909"}],"wp:attachment":[{"href":"https:\/\/perrosalfak9.com\/index.php?rest_route=%2Fwp%2Fv2%2Fmedia&parent=96"}],"curies":[{"name":"wp","href":"https:\/\/api.w.org\/{rel}","templated":true}]}}